{"id":348,"date":"2016-07-13T14:29:42","date_gmt":"2016-07-13T12:29:42","guid":{"rendered":"http:\/\/www.worldofheroes.pl\/?page_id=348"},"modified":"2017-01-31T17:16:19","modified_gmt":"2017-01-31T16:16:19","slug":"polityka-cookie-pl","status":"publish","type":"page","link":"https:\/\/www.worldofheroes.pl\/?page_id=348","title":{"rendered":"Prawne &#8211; polityka cookie pl"},"content":{"rendered":"<p>[et_pb_section transparent_background=&#8221;on&#8221; allow_player_pause=&#8221;off&#8221; inner_shadow=&#8221;off&#8221; parallax=&#8221;off&#8221; parallax_method=&#8221;on&#8221; custom_padding=&#8221;50px|0px|0px|0px&#8221; padding_mobile=&#8221;off&#8221; make_fullwidth=&#8221;off&#8221; use_custom_width=&#8221;off&#8221; width_unit=&#8221;off&#8221; custom_width_px=&#8221;1080px&#8221; custom_width_percent=&#8221;80%&#8221; make_equal=&#8221;off&#8221; use_custom_gutter=&#8221;off&#8221; fullwidth=&#8221;off&#8221; specialty=&#8221;off&#8221; admin_label=&#8221;section&#8221; disabled=&#8221;off&#8221;][et_pb_row make_fullwidth=&#8221;on&#8221; use_custom_width=&#8221;off&#8221; width_unit=&#8221;off&#8221; custom_width_px=&#8221;1080px&#8221; custom_width_percent=&#8221;80%&#8221; use_custom_gutter=&#8221;on&#8221; gutter_width=&#8221;2&#8243; custom_padding=&#8221;0px|0px|0px|0px&#8221; padding_mobile=&#8221;off&#8221; allow_player_pause=&#8221;off&#8221; parallax=&#8221;off&#8221; parallax_method=&#8221;on&#8221; make_equal=&#8221;off&#8221; column_padding_mobile=&#8221;on&#8221; parallax_1=&#8221;off&#8221; parallax_method_1=&#8221;on&#8221; parallax_2=&#8221;off&#8221; parallax_method_2=&#8221;on&#8221; parallax_3=&#8221;off&#8221; parallax_method_3=&#8221;on&#8221; parallax_4=&#8221;off&#8221; parallax_method_4=&#8221;on&#8221; admin_label=&#8221;row&#8221; disabled=&#8221;off&#8221;][et_pb_column type=&#8221;4_4&#8243; disabled=&#8221;off&#8221; parallax=&#8221;off&#8221; parallax_method=&#8221;on&#8221; column_padding_mobile=&#8221;on&#8221;][et_pb_text background_layout=&#8221;dark&#8221; text_orientation=&#8221;left&#8221; admin_label=&#8221;Tekst&#8221; use_border_color=&#8221;off&#8221; border_style=&#8221;solid&#8221; disabled=&#8221;off&#8221;] [\/et_pb_text][\/et_pb_column][\/et_pb_row][\/et_pb_section][et_pb_section transparent_background=&#8221;on&#8221; allow_player_pause=&#8221;off&#8221; inner_shadow=&#8221;off&#8221; parallax=&#8221;off&#8221; parallax_method=&#8221;off&#8221; custom_padding=&#8221;0px|0px|0px|0px&#8221; padding_mobile=&#8221;off&#8221; make_fullwidth=&#8221;off&#8221; use_custom_width=&#8221;off&#8221; width_unit=&#8221;on&#8221; custom_width_px=&#8221;1080px&#8221; custom_width_percent=&#8221;80%&#8221; make_equal=&#8221;off&#8221; use_custom_gutter=&#8221;off&#8221; fullwidth=&#8221;off&#8221; specialty=&#8221;off&#8221; admin_label=&#8221;Sekcja&#8221; custom_css_main_element=&#8221;padding-right: 50px;||padding-left: 50px;||min-height: 1326px;||max-height: 1326px;||min-width: 1236px;||max-width: 1236px;||margin-bottom: 100px;||margin-left: auto;||margin-right: auto;&#8221; disabled=&#8221;off&#8221;][et_pb_row make_fullwidth=&#8221;on&#8221; use_custom_width=&#8221;off&#8221; width_unit=&#8221;off&#8221; custom_width_px=&#8221;1080px&#8221; custom_width_percent=&#8221;80%&#8221; use_custom_gutter=&#8221;on&#8221; gutter_width=&#8221;2&#8243; custom_padding=&#8221;0px|45px|0px|45px&#8221; padding_mobile=&#8221;off&#8221; custom_margin=&#8221;||150px|&#8221; background_image=&#8221;https:\/\/www.worldofheroes.pl\/wp-content\/uploads\/2016\/12\/04-WoH_media_gallery_BG.png&#8221; allow_player_pause=&#8221;off&#8221; parallax=&#8221;off&#8221; parallax_method=&#8221;on&#8221; make_equal=&#8221;off&#8221; column_padding_mobile=&#8221;on&#8221; parallax_1=&#8221;off&#8221; parallax_method_1=&#8221;on&#8221; parallax_2=&#8221;off&#8221; parallax_method_2=&#8221;on&#8221; parallax_3=&#8221;off&#8221; parallax_method_3=&#8221;on&#8221; parallax_4=&#8221;off&#8221; parallax_method_4=&#8221;on&#8221; admin_label=&#8221;row&#8221; custom_css_main_element=&#8221;min-width: 1236px;||min-height: 1443px;||margin-left: auto;||margin-right: auto;&#8221; disabled=&#8221;off&#8221;][et_pb_column type=&#8221;4_4&#8243; disabled=&#8221;off&#8221; parallax=&#8221;off&#8221; parallax_method=&#8221;on&#8221; column_padding_mobile=&#8221;on&#8221;][et_pb_image src=&#8221;https:\/\/www.worldofheroes.pl\/wp-content\/uploads\/2016\/07\/05-WoH_line_template_cookies.png&#8221; show_in_lightbox=&#8221;off&#8221; url_new_window=&#8221;off&#8221; use_overlay=&#8221;off&#8221; animation=&#8221;off&#8221; sticky=&#8221;off&#8221; align=&#8221;left&#8221; force_fullwidth=&#8221;on&#8221; always_center_on_mobile=&#8221;off&#8221; disabled_on=&#8221;on|on|on&#8221; admin_label=&#8221;Obraz&#8221; use_border_color=&#8221;off&#8221; border_color=&#8221;#ffffff&#8221; border_width=&#8221;1px&#8221; border_style=&#8221;solid&#8221; custom_margin=&#8221;45px||35px|&#8221; disabled=&#8221;on&#8221;] [\/et_pb_image][et_pb_text background_layout=&#8221;dark&#8221; text_orientation=&#8221;left&#8221; admin_label=&#8221;Tekst&#8221; use_border_color=&#8221;off&#8221; border_style=&#8221;solid&#8221; disabled=&#8221;off&#8221;]<\/p>\n<p><span style=\"font-size: xx-large; font-family: Cinzel; color: rgba(255, 255, 255, 0.81); text-transform: uppercase;\">&nbsp;<\/span><\/p>\n<p><\/p>\n<p><span style=\"font-size: xx-large; font-family: Cinzel; color: rgba(255, 255, 255, 0.81); text-transform: uppercase;\">&nbsp;<\/span><\/p>\n<p><\/p>\n<p><span style=\"font-size: xx-large; font-family: Cinzel; color: rgba(255, 255, 255, 0.81); text-transform: uppercase;\">&nbsp;<\/span><\/p>\n<p><\/p>\n<p><span style=\"font-size: xx-large; font-family: Cinzel; text-transform: uppercase;\">Polityka prywatno\u015bci oraz plik&oacute;w Cookies<br \/> <\/span><\/p>\n<p><\/p>\n<p><span style=\"font-size: xx-large; font-family: Cinzel; text-transform: uppercase;\">&nbsp;<\/span><\/p>\n<p><\/p>\n<p>1. Przez Serwisy Internetowe World Of Heroes (zwane dalej Serwisami) rozumie si\u0119 wszystkie serwisy internetowe dost\u0119pne w domenie worldofheroes.pl. Serwisy internetowe nale\u017c\u0105ce do World Of Heroes, a nie znajduj\u0105ce si\u0119 w domenie worldofheroes.pl posiadaj\u0105 odr\u0119bne polityki cookies.<\/p>\n<p>&nbsp;<\/p>\n<p><\/p>\n<p>2. Przez U\u017cytkownika Serwis&oacute;w rozumie si\u0119 ka\u017cd\u0105 osob\u0119 fizyczn\u0105, korzystaj\u0105c\u0105 z Serwis&oacute;w za po\u015brednictwem sieci Internet.<\/p>\n<p>&nbsp;<\/p>\n<p><\/p>\n<p>3. Serwisy nie zbieraj\u0105 w spos&oacute;b automatyczny \u017cadnych informacji, z wyj\u0105tkiem informacji zawartych w plikach cookies.<\/p>\n<p>&nbsp;<\/p>\n<p><\/p>\n<p>4. Pliki cookies (tzw. &bdquo;ciasteczka&rdquo;) stanowi\u0105 dane informatyczne, w szczeg&oacute;lno\u015bci pliki tekstowe, kt&oacute;re przechowywane s\u0105 w urz\u0105dzeniu ko\u0144cowym U\u017cytkownika Serwis&oacute;w i przeznaczone s\u0105 do korzystania ze stron internetowych Serwis&oacute;w. Cookies zazwyczaj zawieraj\u0105 nazw\u0119 strony internetowej, z kt&oacute;rej pochodz\u0105, czas przechowywania ich na urz\u0105dzeniu ko\u0144cowym oraz unikalny numer.<\/p>\n<p>&nbsp;<\/p>\n<p><\/p>\n<p>5. Podmiotem zamieszczaj\u0105cym na urz\u0105dzeniu ko\u0144cowym U\u017cytkownika Serwis&oacute;w pliki cookies oraz uzyskuj\u0105cym do nich dost\u0119p jest operator Serwis&oacute;w &ndash; Dragonsan Studios z siedzib\u0105 pod adresem Al. Komisji Edukacji Narodowej 36\/112B, 02-797 Warszawa, Polska.<\/p>\n<p>&nbsp;<\/p>\n<p><\/p>\n<p>6. W ramach Serwis&oacute;w stosowane s\u0105 dwa zasadnicze typy plik&oacute;w cookies: &bdquo;sesyjne&rdquo;&nbsp; (session cookies) oraz &bdquo;sta\u0142e&rdquo; (persistent cookies). Cookies &bdquo;sesyjne&rdquo; s\u0105 plikami tymczasowymi, kt&oacute;re przechowywane s\u0105 w urz\u0105dzeniu ko\u0144cowym U\u017cytkownika do czasu wylogowania, opuszczenia strony internetowej lub wy\u0142\u0105czenia oprogramowania (przegl\u0105darki internetowej). &bdquo;Sta\u0142e&rdquo; pliki cookies przechowywane s\u0105 w urz\u0105dzeniu ko\u0144cowym U\u017cytkownika przez czas okre\u015blony w parametrach plik&oacute;w cookies lub do czasu ich usuni\u0119cia przez U\u017cytkownika.<\/p>\n<p>&nbsp;<\/p>\n<p><\/p>\n<p>7. W ramach Serwis&oacute;w stosowane s\u0105 nast\u0119puj\u0105ce rodzaje plik&oacute;w cookies:<\/p>\n<p><\/p>\n<p style=\"text-align: justify;\">a) &bdquo;niezb\u0119dne&rdquo; pliki cookies, umo\u017cliwiaj\u0105ce korzystanie z us\u0142ug dost\u0119pnych w ramach Serwis&oacute;w, np. uwierzytelniaj\u0105ce pliki cookies wykorzystywane do us\u0142ug wymagaj\u0105cych uwierzytelniania w ramach Serwis&oacute;w lub zapewniaj\u0105ce mechanizm jednokrotnego logowania;<br \/> b) pliki cookies s\u0142u\u017c\u0105ce do zapewnienia bezpiecze\u0144stwa, np. wykorzystywane do wykrywania nadu\u017cy\u0107 w zakresie uwierzytelniania w ramach Serwis&oacute;w;<br \/> c) &bdquo;wydajno\u015bciowe&rdquo; pliki cookies, umo\u017cliwiaj\u0105ce zbieranie informacji o sposobie korzystania ze stron internetowych Serwis&oacute;w;<br \/> d) &bdquo;funkcjonalne&rdquo; pliki cookies, umo\u017cliwiaj\u0105ce &bdquo;zapami\u0119tanie&rdquo; wybranych przez U\u017cytkownika ustawie\u0144 i personalizacj\u0119 interfejsu U\u017cytkownika, np. w zakresie wybranego j\u0119zyka lub regionu, z kt&oacute;rego pochodzi U\u017cytkownik, rozmiaru czcionki, wygl\u0105du strony internetowej itp.;<br \/> f) pliki cookies serwis&oacute;w zewn\u0119trznych wykorzystywanych w portalu, takich jak YouTube, Facebook, Twitter czy AddThis<\/p>\n<p style=\"text-align: justify;\">&nbsp;<\/p>\n<p><\/p>\n<p>8. W wielu przypadkach oprogramowanie s\u0142u\u017c\u0105ce do przegl\u0105dania stron internetowych (przegl\u0105darka internetowa) domy\u015blnie dopuszcza przechowywanie plik&oacute;w cookies w urz\u0105dzeniu ko\u0144cowym U\u017cytkownika. U\u017cytkownicy Serwis&oacute;w mog\u0105 dokona\u0107 w ka\u017cdym czasie zmiany ustawie\u0144 dotycz\u0105cych plik&oacute;w cookies. Ustawienia te mog\u0105 zosta\u0107 zmienione w szczeg&oacute;lno\u015bci w taki spos&oacute;b, aby blokowa\u0107 automatyczn\u0105 obs\u0142ug\u0119 plik&oacute;w cookies w ustawieniach przegl\u0105darki internetowej b\u0105d\u017a informowa\u0107 o ich ka\u017cdorazowym zamieszczeniu w urz\u0105dzeniu U\u017cytkownika Serwis&oacute;w. Szczeg&oacute;\u0142owe informacje o mo\u017cliwo\u015bci i sposobach obs\u0142ugi plik&oacute;w cookies dost\u0119pne s\u0105 w ustawieniach oprogramowania (przegl\u0105darki internetowej).<\/p>\n<p>&nbsp;<\/p>\n<p><\/p>\n<p>9. Operator Serwis&oacute;w informuje, \u017ce ograniczenia stosowania plik&oacute;w cookies mog\u0105 wp\u0142yn\u0105\u0107 na niekt&oacute;re funkcjonalno\u015bci dost\u0119pne na stronach internetowych Serwis&oacute;w.<\/p>\n<p>&nbsp;<\/p>\n<p><\/p>\n<p>10. Wi\u0119cej informacji na temat plik&oacute;w cookies dost\u0119pnych jest w sekcji &bdquo;Pomoc&rdquo; w menu przegl\u0105darki internetowej.<\/p>\n<p>&nbsp;<\/p>\n<p>&nbsp;<\/p>\n<p>[\/et_pb_text][\/et_pb_column][\/et_pb_row][\/et_pb_section]<\/p>\n","protected":false},"excerpt":{"rendered":"<p>[et_pb_section transparent_background=&#8221;on&#8221; allow_player_pause=&#8221;off&#8221; inner_shadow=&#8221;off&#8221; parallax=&#8221;off&#8221; parallax_method=&#8221;on&#8221; custom_padding=&#8221;50px|0px|0px|0px&#8221; padding_mobile=&#8221;off&#8221; make_fullwidth=&#8221;off&#8221; use_custom_width=&#8221;off&#8221; width_unit=&#8221;off&#8221; custom_width_px=&#8221;1080px&#8221; custom_width_percent=&#8221;80%&#8221; make_equal=&#8221;off&#8221; use_custom_gutter=&#8221;off&#8221; fullwidth=&#8221;off&#8221; specialty=&#8221;off&#8221; admin_label=&#8221;section&#8221; disabled=&#8221;off&#8221;][et_pb_row make_fullwidth=&#8221;on&#8221; use_custom_width=&#8221;off&#8221; width_unit=&#8221;off&#8221; custom_width_px=&#8221;1080px&#8221; custom_width_percent=&#8221;80%&#8221; use_custom_gutter=&#8221;on&#8221; gutter_width=&#8221;2&#8243; custom_padding=&#8221;0px|0px|0px|0px&#8221; padding_mobile=&#8221;off&#8221; allow_player_pause=&#8221;off&#8221; parallax=&#8221;off&#8221; parallax_method=&#8221;on&#8221; make_equal=&#8221;off&#8221; column_padding_mobile=&#8221;on&#8221; parallax_1=&#8221;off&#8221; parallax_method_1=&#8221;on&#8221; parallax_2=&#8221;off&#8221; parallax_method_2=&#8221;on&#8221; parallax_3=&#8221;off&#8221; parallax_method_3=&#8221;on&#8221; parallax_4=&#8221;off&#8221; parallax_method_4=&#8221;on&#8221; admin_label=&#8221;row&#8221; disabled=&#8221;off&#8221;][et_pb_column type=&#8221;4_4&#8243; disabled=&#8221;off&#8221; parallax=&#8221;off&#8221; parallax_method=&#8221;on&#8221; column_padding_mobile=&#8221;on&#8221;][et_pb_text background_layout=&#8221;dark&#8221; text_orientation=&#8221;left&#8221; admin_label=&#8221;Tekst&#8221; use_border_color=&#8221;off&#8221; border_style=&#8221;solid&#8221; disabled=&#8221;off&#8221;] [\/et_pb_text][\/et_pb_column][\/et_pb_row][\/et_pb_section][et_pb_section [&hellip;]<\/p>\n","protected":false},"author":1,"featured_media":0,"parent":0,"menu_order":0,"comment_status":"closed","ping_status":"closed","template":"","meta":{"_et_pb_use_builder":"on","_et_pb_old_content":"","_et_gb_content_width":""},"_links":{"self":[{"href":"https:\/\/www.worldofheroes.pl\/index.php?rest_route=\/wp\/v2\/pages\/348"}],"collection":[{"href":"https:\/\/www.worldofheroes.pl\/index.php?rest_route=\/wp\/v2\/pages"}],"about":[{"href":"https:\/\/www.worldofheroes.pl\/index.php?rest_route=\/wp\/v2\/types\/page"}],"author":[{"embeddable":true,"href":"https:\/\/www.worldofheroes.pl\/index.php?rest_route=\/wp\/v2\/users\/1"}],"replies":[{"embeddable":true,"href":"https:\/\/www.worldofheroes.pl\/index.php?rest_route=%2Fwp%2Fv2%2Fcomments&post=348"}],"version-history":[{"count":33,"href":"https:\/\/www.worldofheroes.pl\/index.php?rest_route=\/wp\/v2\/pages\/348\/revisions"}],"predecessor-version":[{"id":2089,"href":"https:\/\/www.worldofheroes.pl\/index.php?rest_route=\/wp\/v2\/pages\/348\/revisions\/2089"}],"wp:attachment":[{"href":"https:\/\/www.worldofheroes.pl\/index.php?rest_route=%2Fwp%2Fv2%2Fmedia&parent=348"}],"curies":[{"name":"wp","href":"https:\/\/api.w.org\/{rel}","templated":true}]}}