{"id":1247,"date":"2016-12-30T17:14:16","date_gmt":"2016-12-30T16:14:16","guid":{"rendered":"http:\/\/www.worldofheroes.pl\/?page_id=1247"},"modified":"2017-01-29T14:01:06","modified_gmt":"2017-01-29T13:01:06","slug":"password_reset","status":"publish","type":"page","link":"https:\/\/www.worldofheroes.pl\/?page_id=1247","title":{"rendered":"password_reset"},"content":{"rendered":"<p>[et_pb_section background_image=&#8221;https:\/\/www.worldofheroes.pl\/wp-content\/uploads\/2016\/12\/07-WoH_login_BG.png&#8221; transparent_background=&#8221;on&#8221; allow_player_pause=&#8221;off&#8221; inner_shadow=&#8221;off&#8221; parallax=&#8221;off&#8221; parallax_method=&#8221;off&#8221; padding_mobile=&#8221;off&#8221; make_fullwidth=&#8221;off&#8221; use_custom_width=&#8221;off&#8221; width_unit=&#8221;on&#8221; custom_width_px=&#8221;1080px&#8221; custom_width_percent=&#8221;80%&#8221; make_equal=&#8221;off&#8221; use_custom_gutter=&#8221;off&#8221; fullwidth=&#8221;off&#8221; specialty=&#8221;off&#8221; admin_label=&#8221;section&#8221; custom_css_main_element=&#8221;width: 468px;||height: 535px;||margin-left: auto;||margin-right: auto;||margin-bottom: 700px;&#8221; disabled=&#8221;off&#8221;][et_pb_row make_fullwidth=&#8221;on&#8221; use_custom_width=&#8221;off&#8221; width_unit=&#8221;off&#8221; custom_width_px=&#8221;1080px&#8221; custom_width_percent=&#8221;80%&#8221; use_custom_gutter=&#8221;off&#8221; gutter_width=&#8221;4&#8243; custom_padding=&#8221;|30px||30px&#8221; padding_mobile=&#8221;off&#8221; allow_player_pause=&#8221;off&#8221; parallax=&#8221;off&#8221; parallax_method=&#8221;on&#8221; make_equal=&#8221;off&#8221; column_padding_mobile=&#8221;on&#8221; parallax_1=&#8221;off&#8221; parallax_method_1=&#8221;on&#8221; parallax_2=&#8221;off&#8221; parallax_method_2=&#8221;on&#8221; parallax_3=&#8221;off&#8221; parallax_method_3=&#8221;on&#8221; parallax_4=&#8221;off&#8221; parallax_method_4=&#8221;on&#8221; admin_label=&#8221;row&#8221; disabled=&#8221;off&#8221;][et_pb_column type=&#8221;4_4&#8243; disabled=&#8221;off&#8221; parallax=&#8221;off&#8221; parallax_method=&#8221;on&#8221; column_padding_mobile=&#8221;on&#8221;][et_pb_image src=&#8221;https:\/\/www.worldofheroes.pl\/wp-content\/uploads\/2016\/12\/05-WoH_line_small_template_ChangePasswordPL.png&#8221; show_in_lightbox=&#8221;off&#8221; url_new_window=&#8221;off&#8221; use_overlay=&#8221;off&#8221; animation=&#8221;off&#8221; sticky=&#8221;on&#8221; align=&#8221;left&#8221; force_fullwidth=&#8221;on&#8221; always_center_on_mobile=&#8221;on&#8221; admin_label=&#8221;Obraz&#8221; use_border_color=&#8221;off&#8221; border_color=&#8221;#ffffff&#8221; border_width=&#8221;1px&#8221; border_style=&#8221;solid&#8221; custom_margin=&#8221;-20px||20px|&#8221; disabled=&#8221;off&#8221; saved_tabs=&#8221;all&#8221;]<\/p>\n<p>[\/et_pb_image][et_pb_text background_layout=&#8221;dark&#8221; text_orientation=&#8221;center&#8221; admin_label=&#8221;Tekst&#8221; header_font=&#8221;||||&#8221; text_font=&#8221;||||&#8221; use_border_color=&#8221;off&#8221; border_style=&#8221;solid&#8221; disabled=&#8221;off&#8221;]<\/p>\n\r\n<div class=\"um um-password um-um_password_id\">\r\n\t<div class=\"um-form\">\r\n\t\t<form method=\"post\" action=\"\">\r\n\t\t\t\r\n\t\t\t\t<input type=\"hidden\" name=\"_um_password_reset\" id=\"_um_password_reset\" value=\"1\" \/>\r\n\r\n\t\t\t\t\t\t\t\t\t<div class=\"um-field um-field-block um-field-type_block\">\r\n\t\t\t\t\t\t<div class=\"um-field-block\">\r\n\t\t\t\t\t\t\t<div style=\"text-align:center;\">\r\n\t\t\t\t\t\t\t\tAby zresetowa\u0107 has\u0142o, wprowad\u017a poni\u017cej sw\u00f3j adres e-mail lub nazw\u0119 u\u017cytkownika\t\t\t\t\t\t\t<\/div>\r\n\t\t\t\t\t\t<\/div>\r\n\t\t\t\t\t<\/div>\r\n\t\t\t\t<div  id=\"um_field_um_password_id_username_b\" class=\"um-field um-field-text  um-field-username_b um-field-text um-field-type_text\" data-key=\"username_b\"><div class=\"um-field-area\"><input  autocomplete=\"off\" class=\"um-form-field valid \" type=\"text\" name=\"username_b\" id=\"username_b\" value=\"\" placeholder=\"Wpisz swoj\u0105 nazw\u0119 u\u017cytkownika lub e-mail\" data-validate=\"\" data-key=\"username_b\" \/>\r\n\r\n\t\t\t\t\t\t<\/div><\/div>\r\n\t\t\t\t<div class=\"um-col-alt um-col-alt-b\">\r\n\r\n\t\t\t\t\t<div class=\"um-center\">\r\n\t\t\t\t\t\t<input type=\"submit\" value=\"Resetuj has\u0142o\" class=\"um-button\" id=\"um-submit-btn\" \/>\r\n\t\t\t\t\t<\/div>\r\n\r\n\t\t\t\t\t<div class=\"um-clear\"><\/div>\r\n\r\n\t\t\t\t<\/div>\r\n\r\n\t\t\t\t\t\t<input type=\"hidden\" name=\"form_id\" id=\"form_id_um_password_id\" value=\"um_password_id\" \/>\r\n\t\r\n\t<p class=\"um_request_name\">\r\n\t\t<label for=\"um_request_um_password_id\">Wype\u0142nij jedynie, gdy nie jeste\u015b cz\u0142owiekiem.<\/label>\r\n\t\t<input type=\"hidden\" name=\"um_request\" id=\"um_request_um_password_id\" class=\"input\" value=\"\" size=\"25\" autocomplete=\"off\" \/>\r\n\t<\/p>\r\n\r\n\t\t\t<\/form>\r\n\t<\/div>\r\n<\/div>\r\n<style type=\"text\/css\">\n.um-um_password_id.um {\n\tmax-width: 450px;\n}<\/style>\n\n<p>[\/et_pb_text][\/et_pb_column][\/et_pb_row][\/et_pb_section]<\/p>\n","protected":false},"excerpt":{"rendered":"<p>[et_pb_section background_image=&#8221;https:\/\/www.worldofheroes.pl\/wp-content\/uploads\/2016\/12\/07-WoH_login_BG.png&#8221; transparent_background=&#8221;on&#8221; allow_player_pause=&#8221;off&#8221; inner_shadow=&#8221;off&#8221; parallax=&#8221;off&#8221; parallax_method=&#8221;off&#8221; padding_mobile=&#8221;off&#8221; make_fullwidth=&#8221;off&#8221; use_custom_width=&#8221;off&#8221; width_unit=&#8221;on&#8221; custom_width_px=&#8221;1080px&#8221; custom_width_percent=&#8221;80%&#8221; make_equal=&#8221;off&#8221; use_custom_gutter=&#8221;off&#8221; fullwidth=&#8221;off&#8221; specialty=&#8221;off&#8221; admin_label=&#8221;section&#8221; custom_css_main_element=&#8221;width: 468px;||height: 535px;||margin-left: auto;||margin-right: auto;||margin-bottom: 700px;&#8221; disabled=&#8221;off&#8221;][et_pb_row make_fullwidth=&#8221;on&#8221; use_custom_width=&#8221;off&#8221; width_unit=&#8221;off&#8221; custom_width_px=&#8221;1080px&#8221; custom_width_percent=&#8221;80%&#8221; use_custom_gutter=&#8221;off&#8221; gutter_width=&#8221;4&#8243; custom_padding=&#8221;|30px||30px&#8221; padding_mobile=&#8221;off&#8221; allow_player_pause=&#8221;off&#8221; parallax=&#8221;off&#8221; parallax_method=&#8221;on&#8221; make_equal=&#8221;off&#8221; column_padding_mobile=&#8221;on&#8221; parallax_1=&#8221;off&#8221; parallax_method_1=&#8221;on&#8221; parallax_2=&#8221;off&#8221; parallax_method_2=&#8221;on&#8221; parallax_3=&#8221;off&#8221; parallax_method_3=&#8221;on&#8221; parallax_4=&#8221;off&#8221; parallax_method_4=&#8221;on&#8221; admin_label=&#8221;row&#8221; disabled=&#8221;off&#8221;][et_pb_column type=&#8221;4_4&#8243; disabled=&#8221;off&#8221; parallax=&#8221;off&#8221; parallax_method=&#8221;on&#8221; column_padding_mobile=&#8221;on&#8221;][et_pb_image src=&#8221;https:\/\/www.worldofheroes.pl\/wp-content\/uploads\/2016\/12\/05-WoH_line_small_template_ChangePasswordPL.png&#8221; [&hellip;]<\/p>\n","protected":false},"author":5,"featured_media":0,"parent":0,"menu_order":0,"comment_status":"closed","ping_status":"closed","template":"","meta":{"_et_pb_use_builder":"on","_et_pb_old_content":"","_et_gb_content_width":""},"_links":{"self":[{"href":"https:\/\/www.worldofheroes.pl\/index.php?rest_route=\/wp\/v2\/pages\/1247"}],"collection":[{"href":"https:\/\/www.worldofheroes.pl\/index.php?rest_route=\/wp\/v2\/pages"}],"about":[{"href":"https:\/\/www.worldofheroes.pl\/index.php?rest_route=\/wp\/v2\/types\/page"}],"author":[{"embeddable":true,"href":"https:\/\/www.worldofheroes.pl\/index.php?rest_route=\/wp\/v2\/users\/5"}],"replies":[{"embeddable":true,"href":"https:\/\/www.worldofheroes.pl\/index.php?rest_route=%2Fwp%2Fv2%2Fcomments&post=1247"}],"version-history":[{"count":9,"href":"https:\/\/www.worldofheroes.pl\/index.php?rest_route=\/wp\/v2\/pages\/1247\/revisions"}],"predecessor-version":[{"id":2035,"href":"https:\/\/www.worldofheroes.pl\/index.php?rest_route=\/wp\/v2\/pages\/1247\/revisions\/2035"}],"wp:attachment":[{"href":"https:\/\/www.worldofheroes.pl\/index.php?rest_route=%2Fwp%2Fv2%2Fmedia&parent=1247"}],"curies":[{"name":"wp","href":"https:\/\/api.w.org\/{rel}","templated":true}]}}