{"id":1011,"date":"2016-12-28T19:07:14","date_gmt":"2016-12-28T18:07:14","guid":{"rendered":"http:\/\/www.worldofheroes.pl\/?page_id=1011"},"modified":"2017-01-29T12:48:52","modified_gmt":"2017-01-29T11:48:52","slug":"register","status":"publish","type":"page","link":"https:\/\/www.worldofheroes.pl\/?page_id=1011","title":{"rendered":"REGISTER"},"content":{"rendered":"<p>[et_pb_section admin_label=&#8221;section&#8221; transparent_background=&#8221;on&#8221; allow_player_pause=&#8221;off&#8221; inner_shadow=&#8221;off&#8221; parallax=&#8221;off&#8221; parallax_method=&#8221;off&#8221; padding_mobile=&#8221;off&#8221; make_fullwidth=&#8221;off&#8221; use_custom_width=&#8221;off&#8221; width_unit=&#8221;on&#8221; make_equal=&#8221;off&#8221; use_custom_gutter=&#8221;off&#8221; fullwidth=&#8221;off&#8221; specialty=&#8221;off&#8221; custom_css_main_element=&#8221;width: 520px;||margin-left: auto;||margin-right: auto;||margin-bottom: 205px;&#8221; disabled=&#8221;off&#8221;][et_pb_row admin_label=&#8221;row&#8221; make_fullwidth=&#8221;off&#8221; use_custom_width=&#8221;off&#8221; width_unit=&#8221;off&#8221; use_custom_gutter=&#8221;off&#8221; custom_padding=&#8221;|45px||45px&#8221; padding_mobile=&#8221;off&#8221; background_image=&#8221;https:\/\/www.worldofheroes.pl\/wp-content\/uploads\/2016\/12\/07-WoH_register_BG.png&#8221; allow_player_pause=&#8221;off&#8221; parallax=&#8221;off&#8221; parallax_method=&#8221;on&#8221; make_equal=&#8221;off&#8221; column_padding_mobile=&#8221;on&#8221; parallax_1=&#8221;off&#8221; parallax_method_1=&#8221;on&#8221; parallax_2=&#8221;off&#8221; parallax_method_2=&#8221;on&#8221; parallax_3=&#8221;off&#8221; parallax_method_3=&#8221;on&#8221; parallax_4=&#8221;off&#8221; parallax_method_4=&#8221;on&#8221; custom_css_main_element=&#8221;width: 468px;&#8221; disabled=&#8221;off&#8221;][et_pb_column type=&#8221;4_4&#8243;][et_pb_image admin_label=&#8221;Obraz&#8221; src=&#8221;https:\/\/www.worldofheroes.pl\/wp-content\/uploads\/2016\/12\/05-WoH_line_template_registerPL.png&#8221; show_in_lightbox=&#8221;off&#8221; url_new_window=&#8221;off&#8221; use_overlay=&#8221;off&#8221; animation=&#8221;left&#8221; sticky=&#8221;off&#8221; align=&#8221;left&#8221; force_fullwidth=&#8221;on&#8221; always_center_on_mobile=&#8221;on&#8221; custom_margin=&#8221;20px|||&#8221; use_border_color=&#8221;off&#8221; border_color=&#8221;#ffffff&#8221; border_style=&#8221;solid&#8221;]<\/p>\n<p>[\/et_pb_image][et_pb_text admin_label=&#8221;Register form&#8221; background_layout=&#8221;dark&#8221; text_orientation=&#8221;left&#8221; max_width_last_edited=&#8221;off|&#8221; use_border_color=&#8221;off&#8221; border_style=&#8221;solid&#8221; disabled=&#8221;off&#8221;]<\/p>\n\r\n<div class=\"um um-register um-121\">\r\n\r\n\t<div class=\"um-form\" data-mode=\"register\">\r\n\r\n\t\t<form method=\"post\" action=\"\">\r\n\r\n\t\t\t<div class=\"um-row _um_row_1 \" style=\"margin: 0 0 30px 0;\"><div class=\"um-col-1\"><div  id=\"um_field_121_user_login\" class=\"um-field um-field-text  um-field-user_login um-field-text um-field-type_text\" data-key=\"user_login\"><div class=\"um-field-label\"><label for=\"user_login-121\">Nazwa u\u017cytkownika<\/label><div class=\"um-clear\"><\/div><\/div><div class=\"um-field-area\"><input  autocomplete=\"off\" class=\"um-form-field valid \" type=\"text\" name=\"user_login-121\" id=\"user_login-121\" value=\"\" placeholder=\"\" data-validate=\"unique_username\" data-key=\"user_login\" \/>\r\n\r\n\t\t\t\t\t\t<\/div><\/div><div  id=\"um_field_121_user_email\" class=\"um-field um-field-text  um-field-user_email um-field-text um-field-type_text\" data-key=\"user_email\"><div class=\"um-field-label\"><label for=\"user_email-121\">E-mail<\/label><div class=\"um-clear\"><\/div><\/div><div class=\"um-field-area\"><input  autocomplete=\"off\" class=\"um-form-field valid \" type=\"text\" name=\"user_email-121\" id=\"user_email-121\" value=\"\" placeholder=\"\" data-validate=\"unique_email\" data-key=\"user_email\" \/>\r\n\r\n\t\t\t\t\t\t<\/div><\/div><div  id=\"um_field_121_user_password\" class=\"um-field um-field-password  um-field-user_password um-field-password um-field-type_password\" data-key=\"user_password\"><div class=\"um-field-label\"><label for=\"user_password-121\">Has\u0142o<\/label><div class=\"um-clear\"><\/div><\/div><div class=\"um-field-area\"><input class=\"um-form-field valid \" type=\"password\" name=\"user_password-121\" id=\"user_password-121\" value=\"\" placeholder=\"\" data-validate=\"\" data-key=\"user_password\" \/>\r\n\r\n\t\t\t\t\t\t<\/div><\/div><div  id=\"um_field_121_confirm_user_password\" class=\"um-field um-field-password  um-field-user_password um-field-password um-field-type_password\" data-key=\"confirm_user_password\"><div class=\"um-field-label\"><label for=\"confirm_user_password-121\">Potwierd\u017a Has\u0142o<\/label><div class=\"um-clear\"><\/div><\/div><div class=\"um-field-area\"><input class=\"um-form-field valid \" type=\"password\" name=\"confirm_user_password-121\" id=\"confirm_user_password-121\" value=\"\" placeholder=\"Potwierd\u017a Has\u0142o\" data-validate=\"\" data-key=\"confirm_user_password\" \/><\/div><\/div><div  id=\"um_field_121_TOS\" class=\"um-field um-field-checkbox  um-field-TOS um-field-checkbox um-field-type_checkbox\" data-key=\"TOS\"><div class=\"um-field-label\"><label for=\"TOS-121\"><a href=\"https:\/\/www.worldofheroes.pl\/?page_id=1596\" target=\"_blank\"><\/a><\/label><div class=\"um-clear\"><\/div><\/div><div class=\"um-field-area\"><label class=\"um-field-checkbox  um-field-half \"><input   type=\"checkbox\" name=\"TOS[]\" value=\"Akceptuj\u0119 warunki EULA\"  \/><span class=\"um-field-checkbox-state\"><i class=\"um-icon-android-checkbox-outline-blank\"><\/i><\/span><span class=\"um-field-checkbox-option\">Akceptuj\u0119 warunki <a href=\"https:\/\/www.worldofheroes.pl\/?page_id=1596\" target=\"_blank\" style=\"text-decoration:none; color:orange;\">EULA<\/a><\/span><\/label><div class=\"um-clear\"><\/div><\/div><\/div><\/div><\/div>\t\t<input type=\"hidden\" name=\"form_id\" id=\"form_id_121\" value=\"121\" \/>\r\n\t\r\n\t<p class=\"um_request_name\">\r\n\t\t<label for=\"um_request_121\">Wype\u0142nij jedynie, gdy nie jeste\u015b cz\u0142owiekiem.<\/label>\r\n\t\t<input type=\"hidden\" name=\"um_request\" id=\"um_request_121\" class=\"input\" value=\"\" size=\"25\" autocomplete=\"off\" \/>\r\n\t<\/p>\r\n\r\n\t<input type=\"hidden\" id=\"_wpnonce\" name=\"_wpnonce\" value=\"634c08e0a8\" \/><input type=\"hidden\" name=\"_wp_http_referer\" value=\"\/index.php?rest_route=%2Fwp%2Fv2%2Fpages%2F1011\" \/>\r\n<div class=\"um-field\">\r\n\t<div class=\"g-recaptcha\" id=\"um-121\" data-type=\"image\" data-size=\"normal\" data-theme=\"light\" data-sitekey=\"6LfHIhAUAAAAAGQSNR1W93JsmXv8q_IIWZMg322W\"><\/div>\r\n<\/div>\r\n\r\n\r\n<script type=\"text\/javascript\">\r\n\t\r\n\t\tvar onloadCallback = function () {\r\n\t\t\tjQuery('.g-recaptcha').each( function (i) {\r\n\t\t\t\tgrecaptcha.render( jQuery(this).attr('id'), {\r\n\t\t\t\t\t'sitekey': jQuery(this).attr('data-sitekey'),\r\n\t\t\t\t\t'theme': jQuery(this).attr('data-theme')\r\n\t\t\t\t});\r\n\t\t\t});\r\n\t\t};\r\n\r\n\t\tfunction um_recaptcha_refresh() {\r\n\t\t\tjQuery('.g-recaptcha').html('');\r\n\t\t\tgrecaptcha.reset();\r\n\t\t\tonloadCallback();\r\n\t\t}\r\n\r\n\t<\/script>\n\t<div class=\"um-col-alt\">\n\n\t\t\n\t\t\t<div class=\"um-center\">\n\t\t\t\t<input type=\"submit\" value=\"ZAREJESTRUJ\" class=\"um-button\" id=\"um-submit-btn\" \/>\n\t\t\t<\/div>\n\n\t\t\n\t\t<div class=\"um-clear\"><\/div>\n\n\t<\/div>\n\n\t\t\t\r\n\t\t<\/form>\r\n\r\n\t<\/div>\r\n\r\n<\/div><style type=\"text\/css\">\n.um-121.um {\n\tmax-width: 450px;\n}<\/style>\n\n<p>[\/et_pb_text][\/et_pb_column][\/et_pb_row][\/et_pb_section]<\/p>\n","protected":false},"excerpt":{"rendered":"<p>[et_pb_section admin_label=&#8221;section&#8221; transparent_background=&#8221;on&#8221; allow_player_pause=&#8221;off&#8221; inner_shadow=&#8221;off&#8221; parallax=&#8221;off&#8221; parallax_method=&#8221;off&#8221; padding_mobile=&#8221;off&#8221; make_fullwidth=&#8221;off&#8221; use_custom_width=&#8221;off&#8221; width_unit=&#8221;on&#8221; make_equal=&#8221;off&#8221; use_custom_gutter=&#8221;off&#8221; fullwidth=&#8221;off&#8221; specialty=&#8221;off&#8221; custom_css_main_element=&#8221;width: 520px;||margin-left: auto;||margin-right: auto;||margin-bottom: 205px;&#8221; disabled=&#8221;off&#8221;][et_pb_row admin_label=&#8221;row&#8221; make_fullwidth=&#8221;off&#8221; use_custom_width=&#8221;off&#8221; width_unit=&#8221;off&#8221; use_custom_gutter=&#8221;off&#8221; custom_padding=&#8221;|45px||45px&#8221; padding_mobile=&#8221;off&#8221; background_image=&#8221;https:\/\/www.worldofheroes.pl\/wp-content\/uploads\/2016\/12\/07-WoH_register_BG.png&#8221; allow_player_pause=&#8221;off&#8221; parallax=&#8221;off&#8221; parallax_method=&#8221;on&#8221; make_equal=&#8221;off&#8221; column_padding_mobile=&#8221;on&#8221; parallax_1=&#8221;off&#8221; parallax_method_1=&#8221;on&#8221; parallax_2=&#8221;off&#8221; parallax_method_2=&#8221;on&#8221; parallax_3=&#8221;off&#8221; parallax_method_3=&#8221;on&#8221; parallax_4=&#8221;off&#8221; parallax_method_4=&#8221;on&#8221; custom_css_main_element=&#8221;width: 468px;&#8221; disabled=&#8221;off&#8221;][et_pb_column type=&#8221;4_4&#8243;][et_pb_image admin_label=&#8221;Obraz&#8221; src=&#8221;https:\/\/www.worldofheroes.pl\/wp-content\/uploads\/2016\/12\/05-WoH_line_template_registerPL.png&#8221; show_in_lightbox=&#8221;off&#8221; url_new_window=&#8221;off&#8221; use_overlay=&#8221;off&#8221; animation=&#8221;left&#8221; sticky=&#8221;off&#8221; align=&#8221;left&#8221; force_fullwidth=&#8221;on&#8221; [&hellip;]<\/p>\n","protected":false},"author":5,"featured_media":0,"parent":0,"menu_order":0,"comment_status":"closed","ping_status":"closed","template":"","meta":{"_et_pb_use_builder":"on","_et_pb_old_content":"[wppb-register]","_et_gb_content_width":""},"_links":{"self":[{"href":"https:\/\/www.worldofheroes.pl\/index.php?rest_route=\/wp\/v2\/pages\/1011"}],"collection":[{"href":"https:\/\/www.worldofheroes.pl\/index.php?rest_route=\/wp\/v2\/pages"}],"about":[{"href":"https:\/\/www.worldofheroes.pl\/index.php?rest_route=\/wp\/v2\/types\/page"}],"author":[{"embeddable":true,"href":"https:\/\/www.worldofheroes.pl\/index.php?rest_route=\/wp\/v2\/users\/5"}],"replies":[{"embeddable":true,"href":"https:\/\/www.worldofheroes.pl\/index.php?rest_route=%2Fwp%2Fv2%2Fcomments&post=1011"}],"version-history":[{"count":32,"href":"https:\/\/www.worldofheroes.pl\/index.php?rest_route=\/wp\/v2\/pages\/1011\/revisions"}],"predecessor-version":[{"id":2028,"href":"https:\/\/www.worldofheroes.pl\/index.php?rest_route=\/wp\/v2\/pages\/1011\/revisions\/2028"}],"wp:attachment":[{"href":"https:\/\/www.worldofheroes.pl\/index.php?rest_route=%2Fwp%2Fv2%2Fmedia&parent=1011"}],"curies":[{"name":"wp","href":"https:\/\/api.w.org\/{rel}","templated":true}]}}