{"id":2810,"date":"2016-12-28T18:03:47","date_gmt":"2017-03-05T21:34:00","guid":{"rendered":"https:\/\/www.worldofheroes.pl?page_id=2810"},"modified":"2017-03-06T23:48:00","modified_gmt":"2017-03-06T22:48:00","slug":"login-eng","status":"publish","type":"page","link":"https:\/\/www.worldofheroes.pl\/en?page_id=2810","title":{"rendered":"LOGIN ENG"},"content":{"rendered":"<p>[et_pb_section admin_label=&#8221;section&#8221; background_image=&#8221;https:\/\/www.worldofheroes.pl\/wp-content\/uploads\/2016\/12\/07-WoH_login_BG.png&#8221; transparent_background=&#8221;on&#8221; allow_player_pause=&#8221;off&#8221; inner_shadow=&#8221;off&#8221; parallax=&#8221;off&#8221; parallax_method=&#8221;off&#8221; custom_padding=&#8221;51.2px|0px|0px|0px&#8221; padding_mobile=&#8221;off&#8221; make_fullwidth=&#8221;off&#8221; use_custom_width=&#8221;off&#8221; width_unit=&#8221;on&#8221; make_equal=&#8221;off&#8221; use_custom_gutter=&#8221;off&#8221; fullwidth=&#8221;off&#8221; specialty=&#8221;off&#8221; custom_css_main_element=&#8221;width: 468px;||height: 535px;||margin-bottom: 550px;||margin-left: auto;||margin-right: auto;||&#8221; disabled=&#8221;off&#8221;][et_pb_row admin_label=&#8221;row&#8221; make_fullwidth=&#8221;off&#8221; use_custom_width=&#8221;off&#8221; width_unit=&#8221;off&#8221; custom_width_px=&#8221;1080px&#8221; custom_width_percent=&#8221;80%&#8221; use_custom_gutter=&#8221;off&#8221; gutter_width=&#8221;4&#8243; padding_mobile=&#8221;off&#8221; allow_player_pause=&#8221;off&#8221; parallax=&#8221;off&#8221; parallax_method=&#8221;on&#8221; make_equal=&#8221;off&#8221; column_padding_mobile=&#8221;on&#8221; parallax_1=&#8221;off&#8221; parallax_method_1=&#8221;on&#8221; parallax_2=&#8221;off&#8221; parallax_method_2=&#8221;on&#8221; parallax_3=&#8221;off&#8221; parallax_method_3=&#8221;on&#8221; parallax_4=&#8221;off&#8221; parallax_method_4=&#8221;on&#8221; disabled=&#8221;off&#8221;][et_pb_column type=&#8221;4_4&#8243;][et_pb_image admin_label=&#8221;Obraz&#8221; src=&#8221;https:\/\/www.worldofheroes.pl\/wp-content\/uploads\/2016\/12\/07-WoH_login_SignIn.png&#8221; show_in_lightbox=&#8221;off&#8221; url_new_window=&#8221;off&#8221; use_overlay=&#8221;off&#8221; animation=&#8221;off&#8221; sticky=&#8221;on&#8221; align=&#8221;left&#8221; force_fullwidth=&#8221;on&#8221; always_center_on_mobile=&#8221;on&#8221; use_border_color=&#8221;off&#8221; border_color=&#8221;#ffffff&#8221; border_style=&#8221;solid&#8221; custom_margin=&#8221;-20px|35px|20px|35px&#8221; disabled=&#8221;off&#8221;]<\/p>\n<p>[\/et_pb_image][\/et_pb_column][\/et_pb_row][et_pb_row admin_label=&#8221;row&#8221; make_fullwidth=&#8221;off&#8221; use_custom_width=&#8221;off&#8221; width_unit=&#8221;off&#8221; custom_width_px=&#8221;1080px&#8221; custom_width_percent=&#8221;80%&#8221; use_custom_gutter=&#8221;off&#8221; gutter_width=&#8221;4&#8243; padding_mobile=&#8221;off&#8221; allow_player_pause=&#8221;off&#8221; parallax=&#8221;off&#8221; parallax_method=&#8221;on&#8221; make_equal=&#8221;off&#8221; column_padding_mobile=&#8221;on&#8221; parallax_1=&#8221;off&#8221; parallax_method_1=&#8221;on&#8221; parallax_2=&#8221;off&#8221; parallax_method_2=&#8221;on&#8221; parallax_3=&#8221;off&#8221; parallax_method_3=&#8221;on&#8221; parallax_4=&#8221;off&#8221; parallax_method_4=&#8221;on&#8221; disabled=&#8221;off&#8221;][et_pb_column type=&#8221;4_4&#8243;][et_pb_login admin_label=&#8221;Logowanie&#8221; current_page_redirect=&#8221;off&#8221; use_background_color=&#8221;on&#8221; background_color=&#8221;rgba(0,0,0,0)&#8221; background_layout=&#8221;dark&#8221; text_orientation=&#8221;left&#8221; use_focus_border_color=&#8221;off&#8221; use_border_color=&#8221;off&#8221; border_color=&#8221;#ffffff&#8221; border_width=&#8221;1px&#8221; border_style=&#8221;solid&#8221; custom_button=&#8221;on&#8221; button_text_size=&#8221;22px&#8221; button_border_width=&#8221;0px&#8221; button_border_radius=&#8221;0px&#8221; button_letter_spacing=&#8221;0&#8243; button_use_icon=&#8221;off&#8221; button_icon_placement=&#8221;right&#8221; button_on_hover=&#8221;on&#8221; button_border_radius_hover=&#8221;0px&#8221; button_letter_spacing_hover=&#8221;0&#8243; custom_css_newsletter_description=&#8221;display: none;&#8221; custom_css_newsletter_button=&#8221; background: url(https:\/\/www.worldofheroes.pl\/wp-content\/uploads\/2016\/12\/button_glow0000.png) no-repeat !important;|| height: 50px;|| width: 350px;|| \/* color: transparent !important; *\/|| margin-top: -70px;|| background-size: 99% !important;|| margin-left: 5px !important;|| margin-right: 5px !important;&#8221; disabled=&#8221;off&#8221;]<\/p>\n<p>[\/et_pb_login][\/et_pb_column][\/et_pb_row][et_pb_row admin_label=&#8221;row&#8221; make_fullwidth=&#8221;off&#8221; use_custom_width=&#8221;off&#8221; width_unit=&#8221;off&#8221; custom_width_px=&#8221;1080px&#8221; custom_width_percent=&#8221;80%&#8221; use_custom_gutter=&#8221;off&#8221; gutter_width=&#8221;4&#8243; custom_padding=&#8221;||0px|&#8221; padding_mobile=&#8221;off&#8221; allow_player_pause=&#8221;off&#8221; parallax=&#8221;off&#8221; parallax_method=&#8221;on&#8221; make_equal=&#8221;off&#8221; column_padding_mobile=&#8221;on&#8221; parallax_1=&#8221;off&#8221; parallax_method_1=&#8221;on&#8221; parallax_2=&#8221;off&#8221; parallax_method_2=&#8221;on&#8221; parallax_3=&#8221;off&#8221; parallax_method_3=&#8221;on&#8221; parallax_4=&#8221;off&#8221; parallax_method_4=&#8221;on&#8221; disabled=&#8221;off&#8221;][et_pb_column type=&#8221;4_4&#8243;][et_pb_image admin_label=&#8221;Obraz&#8221; src=&#8221;https:\/\/www.worldofheroes.pl\/wp-content\/uploads\/2016\/12\/07-WoH_login_Line.png&#8221; show_in_lightbox=&#8221;off&#8221; url_new_window=&#8221;off&#8221; use_overlay=&#8221;off&#8221; animation=&#8221;off&#8221; sticky=&#8221;on&#8221; align=&#8221;left&#8221; force_fullwidth=&#8221;on&#8221; always_center_on_mobile=&#8221;on&#8221; use_border_color=&#8221;off&#8221; border_color=&#8221;#ffffff&#8221; border_width=&#8221;1px&#8221; border_style=&#8221;solid&#8221; custom_margin=&#8221;-40px|35px|0px|35px&#8221; disabled=&#8221;off&#8221;]<\/p>\n<p>[\/et_pb_image][et_pb_text admin_label=&#8221;Text&#8221; background_layout=&#8221;dark&#8221; text_orientation=&#8221;left&#8221; text_font_size=&#8221;12px&#8221; text_line_height=&#8221;1.1em&#8221; use_border_color=&#8221;off&#8221; border_style=&#8221;solid&#8221; custom_margin=&#8221;|||35px&#8221; disabled=&#8221;off&#8221; border_color=&#8221;#ffffff&#8221;]<\/p>\n<p>Don&#8217;t have a World of Heroes accont? You will need one to start the game. Create an account <a href=\"https:\/\/www.worldofheroes.pl\/en\/?page_id=2804\"><span style=\"color: #ff6600;\">here!<\/span><\/a><\/p>\n<p>[\/et_pb_text][\/et_pb_column][\/et_pb_row][\/et_pb_section]<\/p>\n","protected":false},"excerpt":{"rendered":"<p>[et_pb_section admin_label=&#8221;section&#8221; background_image=&#8221;https:\/\/www.worldofheroes.pl\/wp-content\/uploads\/2016\/12\/07-WoH_login_BG.png&#8221; transparent_background=&#8221;on&#8221; allow_player_pause=&#8221;off&#8221; inner_shadow=&#8221;off&#8221; parallax=&#8221;off&#8221; parallax_method=&#8221;off&#8221; custom_padding=&#8221;51.2px|0px|0px|0px&#8221; padding_mobile=&#8221;off&#8221; make_fullwidth=&#8221;off&#8221; use_custom_width=&#8221;off&#8221; width_unit=&#8221;on&#8221; make_equal=&#8221;off&#8221; use_custom_gutter=&#8221;off&#8221; fullwidth=&#8221;off&#8221; specialty=&#8221;off&#8221; custom_css_main_element=&#8221;width: 468px;||height: 535px;||margin-bottom: 550px;||margin-left: auto;||margin-right: auto;||&#8221; disabled=&#8221;off&#8221;][et_pb_row admin_label=&#8221;row&#8221; make_fullwidth=&#8221;off&#8221; use_custom_width=&#8221;off&#8221; width_unit=&#8221;off&#8221; custom_width_px=&#8221;1080px&#8221; custom_width_percent=&#8221;80%&#8221; use_custom_gutter=&#8221;off&#8221; gutter_width=&#8221;4&#8243; padding_mobile=&#8221;off&#8221; allow_player_pause=&#8221;off&#8221; parallax=&#8221;off&#8221; parallax_method=&#8221;on&#8221; make_equal=&#8221;off&#8221; column_padding_mobile=&#8221;on&#8221; parallax_1=&#8221;off&#8221; parallax_method_1=&#8221;on&#8221; parallax_2=&#8221;off&#8221; parallax_method_2=&#8221;on&#8221; parallax_3=&#8221;off&#8221; parallax_method_3=&#8221;on&#8221; parallax_4=&#8221;off&#8221; parallax_method_4=&#8221;on&#8221; disabled=&#8221;off&#8221;][et_pb_column type=&#8221;4_4&#8243;][et_pb_image admin_label=&#8221;Obraz&#8221; src=&#8221;https:\/\/www.worldofheroes.pl\/wp-content\/uploads\/2016\/12\/07-WoH_login_SignIn.png&#8221; show_in_lightbox=&#8221;off&#8221; url_new_window=&#8221;off&#8221; use_overlay=&#8221;off&#8221; animation=&#8221;off&#8221; sticky=&#8221;on&#8221; [&hellip;]<\/p>\n","protected":false},"author":5,"featured_media":0,"parent":0,"menu_order":0,"comment_status":"closed","ping_status":"closed","template":"","meta":{"_et_pb_use_builder":"on","_et_pb_old_content":"<p>[et_pb_section admin_label=\"section\" background_image=\"https:\/\/www.worldofheroes.pl\/wp-content\/uploads\/2016\/12\/07-WoH_login_BG.png\" transparent_background=\"on\" allow_player_pause=\"off\" inner_shadow=\"off\" parallax=\"off\" parallax_method=\"off\" custom_padding=\"51.2px|0px|0px|0px\" padding_mobile=\"off\" make_fullwidth=\"off\" use_custom_width=\"off\" width_unit=\"on\" make_equal=\"off\" use_custom_gutter=\"off\" fullwidth=\"off\" specialty=\"off\" custom_css_main_element=\"width: 468px;||height: 535px;||margin-bottom: 550px;||margin-left: auto;||margin-right: auto;||\" disabled=\"off\"][et_pb_row admin_label=\"row\" make_fullwidth=\"off\" use_custom_width=\"off\" width_unit=\"off\" custom_width_px=\"1080px\" custom_width_percent=\"80%\" use_custom_gutter=\"off\" gutter_width=\"4\" padding_mobile=\"off\" allow_player_pause=\"off\" parallax=\"off\" parallax_method=\"on\" make_equal=\"off\" column_padding_mobile=\"on\" parallax_1=\"off\" parallax_method_1=\"on\" parallax_2=\"off\" parallax_method_2=\"on\" parallax_3=\"off\" parallax_method_3=\"on\" parallax_4=\"off\" parallax_method_4=\"on\" disabled=\"off\"][et_pb_column type=\"4_4\"][et_pb_image admin_label=\"Obraz\" src=\"https:\/\/www.worldofheroes.pl\/wp-content\/uploads\/2016\/12\/05-WoH_line_small_template_SignInPL.png\" show_in_lightbox=\"off\" url_new_window=\"off\" use_overlay=\"off\" animation=\"off\" sticky=\"on\" align=\"left\" force_fullwidth=\"on\" always_center_on_mobile=\"on\" use_border_color=\"off\" border_color=\"#ffffff\" border_style=\"solid\" custom_margin=\"-20px|35px|20px|35px\" disabled=\"off\"] [\/et_pb_image][\/et_pb_column][\/et_pb_row][et_pb_row admin_label=\"row\" make_fullwidth=\"off\" use_custom_width=\"off\" width_unit=\"off\" custom_width_px=\"1080px\" custom_width_percent=\"80%\" use_custom_gutter=\"off\" gutter_width=\"4\" padding_mobile=\"off\" allow_player_pause=\"off\" parallax=\"off\" parallax_method=\"on\" make_equal=\"off\" column_padding_mobile=\"on\" parallax_1=\"off\" parallax_method_1=\"on\" parallax_2=\"off\" parallax_method_2=\"on\" parallax_3=\"off\" parallax_method_3=\"on\" parallax_4=\"off\" parallax_method_4=\"on\" disabled=\"off\"][et_pb_column type=\"4_4\"][et_pb_login admin_label=\"Logowanie\" current_page_redirect=\"off\" use_background_color=\"on\" background_color=\"rgba(0,0,0,0)\" background_layout=\"dark\" text_orientation=\"left\" use_focus_border_color=\"off\" use_border_color=\"off\" border_color=\"#ffffff\" border_width=\"1px\" border_style=\"solid\" custom_button=\"on\" button_text_size=\"22px\" button_border_width=\"0px\" button_border_radius=\"0px\" button_letter_spacing=\"0\" button_use_icon=\"off\" button_icon_placement=\"right\" button_on_hover=\"on\" button_border_radius_hover=\"0px\" button_letter_spacing_hover=\"0\" custom_css_newsletter_description=\"display: none;\" custom_css_newsletter_button=\" background: url(https:\/\/www.worldofheroes.pl\/wp-content\/uploads\/2016\/12\/button_glow0000.png) no-repeat !important;|| height: 50px;|| width: 350px;|| \/* color: transparent !important; *\/|| margin-top: -70px;|| background-size: 99% !important;|| margin-left: 5px !important;|| margin-right: 5px !important;\" disabled=\"off\"] [\/et_pb_login][\/et_pb_column][\/et_pb_row][et_pb_row admin_label=\"row\" make_fullwidth=\"off\" use_custom_width=\"off\" width_unit=\"off\" custom_width_px=\"1080px\" custom_width_percent=\"80%\" use_custom_gutter=\"off\" gutter_width=\"4\" custom_padding=\"||0px|\" padding_mobile=\"off\" allow_player_pause=\"off\" parallax=\"off\" parallax_method=\"on\" make_equal=\"off\" column_padding_mobile=\"on\" parallax_1=\"off\" parallax_method_1=\"on\" parallax_2=\"off\" parallax_method_2=\"on\" parallax_3=\"off\" parallax_method_3=\"on\" parallax_4=\"off\" parallax_method_4=\"on\" disabled=\"off\"][et_pb_column type=\"4_4\"][et_pb_image admin_label=\"Obraz\" src=\"https:\/\/www.worldofheroes.pl\/wp-content\/uploads\/2016\/12\/07-WoH_login_Line.png\" show_in_lightbox=\"off\" url_new_window=\"off\" use_overlay=\"off\" animation=\"off\" sticky=\"on\" align=\"left\" force_fullwidth=\"on\" always_center_on_mobile=\"on\" use_border_color=\"off\" border_color=\"#ffffff\" border_width=\"1px\" border_style=\"solid\" custom_margin=\"-40px|35px|0px|35px\" disabled=\"off\"] [\/et_pb_image][et_pb_text admin_label=\"Text\" background_layout=\"dark\" text_orientation=\"left\" text_font_size=\"12px\" text_line_height=\"1.1em\" use_border_color=\"off\" border_style=\"solid\" custom_margin=\"|||35px\" disabled=\"off\"] Nie masz konta w World of Heroes? B\u0119dziesz go potrzebowa\u0142, \u017ceby rozpocz\u0105\u0107 gr\u0119. Utw\u00f3rz konto <span style=\"color: #ff6600;\"><a style=\"color: #ff6600;\" href=\"http:\/\/www.worldofheroes.pl\/?page_id=1011\">tutaj!<\/a><\/span> [\/et_pb_text][\/et_pb_column][\/et_pb_row][\/et_pb_section]<\/p>","_et_gb_content_width":""},"_links":{"self":[{"href":"https:\/\/www.worldofheroes.pl\/en\/index.php?rest_route=\/wp\/v2\/pages\/2810"}],"collection":[{"href":"https:\/\/www.worldofheroes.pl\/en\/index.php?rest_route=\/wp\/v2\/pages"}],"about":[{"href":"https:\/\/www.worldofheroes.pl\/en\/index.php?rest_route=\/wp\/v2\/types\/page"}],"author":[{"embeddable":true,"href":"https:\/\/www.worldofheroes.pl\/en\/index.php?rest_route=\/wp\/v2\/users\/5"}],"replies":[{"embeddable":true,"href":"https:\/\/www.worldofheroes.pl\/en\/index.php?rest_route=%2Fwp%2Fv2%2Fcomments&post=2810"}],"version-history":[{"count":9,"href":"https:\/\/www.worldofheroes.pl\/en\/index.php?rest_route=\/wp\/v2\/pages\/2810\/revisions"}],"predecessor-version":[{"id":2851,"href":"https:\/\/www.worldofheroes.pl\/en\/index.php?rest_route=\/wp\/v2\/pages\/2810\/revisions\/2851"}],"wp:attachment":[{"href":"https:\/\/www.worldofheroes.pl\/en\/index.php?rest_route=%2Fwp%2Fv2%2Fmedia&parent=2810"}],"curies":[{"name":"wp","href":"https:\/\/api.w.org\/{rel}","templated":true}]}}