{"id":2655,"date":"2016-07-13T14:29:42","date_gmt":"2017-02-11T16:28:27","guid":{"rendered":"https:\/\/www.worldofheroes.pl?page_id=2655"},"modified":"2017-02-11T17:36:04","modified_gmt":"2017-02-11T16:36:04","slug":"cookies","status":"publish","type":"page","link":"https:\/\/www.worldofheroes.pl\/en?page_id=2655","title":{"rendered":"Cookies"},"content":{"rendered":"<p>[et_pb_section admin_label=&#8221;section&#8221; transparent_background=&#8221;on&#8221; allow_player_pause=&#8221;off&#8221; inner_shadow=&#8221;off&#8221; parallax=&#8221;off&#8221; parallax_method=&#8221;on&#8221; custom_padding=&#8221;50px|0px|0px|0px&#8221; padding_mobile=&#8221;off&#8221; make_fullwidth=&#8221;off&#8221; use_custom_width=&#8221;off&#8221; width_unit=&#8221;off&#8221; custom_width_px=&#8221;1080px&#8221; custom_width_percent=&#8221;80%&#8221; make_equal=&#8221;off&#8221; use_custom_gutter=&#8221;off&#8221; fullwidth=&#8221;off&#8221; specialty=&#8221;off&#8221; disabled=&#8221;off&#8221;][et_pb_row admin_label=&#8221;row&#8221; make_fullwidth=&#8221;on&#8221; use_custom_width=&#8221;off&#8221; width_unit=&#8221;off&#8221; custom_width_px=&#8221;1080px&#8221; custom_width_percent=&#8221;80%&#8221; use_custom_gutter=&#8221;on&#8221; gutter_width=&#8221;2&#8243; custom_padding=&#8221;0px|0px|0px|0px&#8221; padding_mobile=&#8221;off&#8221; allow_player_pause=&#8221;off&#8221; parallax=&#8221;off&#8221; parallax_method=&#8221;on&#8221; make_equal=&#8221;off&#8221; column_padding_mobile=&#8221;on&#8221; parallax_1=&#8221;off&#8221; parallax_method_1=&#8221;on&#8221; parallax_2=&#8221;off&#8221; parallax_method_2=&#8221;on&#8221; parallax_3=&#8221;off&#8221; parallax_method_3=&#8221;on&#8221; parallax_4=&#8221;off&#8221; parallax_method_4=&#8221;on&#8221; disabled=&#8221;off&#8221;][et_pb_column type=&#8221;4_4&#8243;][et_pb_text admin_label=&#8221;Tekst&#8221; background_layout=&#8221;dark&#8221; text_orientation=&#8221;left&#8221; use_border_color=&#8221;off&#8221; border_style=&#8221;solid&#8221; disabled=&#8221;off&#8221;] [\/et_pb_text][\/et_pb_column][\/et_pb_row][\/et_pb_section][et_pb_section admin_label=&#8221;Sekcja&#8221; transparent_background=&#8221;on&#8221; allow_player_pause=&#8221;off&#8221; inner_shadow=&#8221;off&#8221; parallax=&#8221;off&#8221; parallax_method=&#8221;off&#8221; custom_padding=&#8221;0px|0px|0px|0px&#8221; padding_mobile=&#8221;off&#8221; make_fullwidth=&#8221;off&#8221; use_custom_width=&#8221;off&#8221; width_unit=&#8221;on&#8221; custom_width_px=&#8221;1080px&#8221; custom_width_percent=&#8221;80%&#8221; make_equal=&#8221;off&#8221; use_custom_gutter=&#8221;off&#8221; fullwidth=&#8221;off&#8221; specialty=&#8221;off&#8221; custom_css_main_element=&#8221;padding-right: 50px;||padding-left: 50px;||min-height: 1326px;||max-height: 1326px;||min-width: 1236px;||max-width: 1236px;||margin-bottom: 100px;||margin-left: auto;||margin-right: auto;&#8221; disabled=&#8221;off&#8221;][et_pb_row admin_label=&#8221;row&#8221; make_fullwidth=&#8221;on&#8221; use_custom_width=&#8221;off&#8221; width_unit=&#8221;off&#8221; custom_width_px=&#8221;1080px&#8221; custom_width_percent=&#8221;80%&#8221; use_custom_gutter=&#8221;on&#8221; gutter_width=&#8221;2&#8243; custom_padding=&#8221;0px|45px|0px|45px&#8221; padding_mobile=&#8221;off&#8221; custom_margin=&#8221;||150px|&#8221; background_image=&#8221;https:\/\/www.worldofheroes.pl\/wp-content\/uploads\/2016\/12\/04-WoH_media_gallery_BG.png&#8221; allow_player_pause=&#8221;off&#8221; parallax=&#8221;off&#8221; parallax_method=&#8221;on&#8221; make_equal=&#8221;off&#8221; column_padding_mobile=&#8221;on&#8221; parallax_1=&#8221;off&#8221; parallax_method_1=&#8221;on&#8221; parallax_2=&#8221;off&#8221; parallax_method_2=&#8221;on&#8221; parallax_3=&#8221;off&#8221; parallax_method_3=&#8221;on&#8221; parallax_4=&#8221;off&#8221; parallax_method_4=&#8221;on&#8221; custom_css_main_element=&#8221;min-width: 1236px;||min-height: 1443px;||margin-left: auto;||margin-right: auto;&#8221; disabled=&#8221;off&#8221;][et_pb_column type=&#8221;4_4&#8243;][et_pb_image admin_label=&#8221;Obraz&#8221; src=&#8221;https:\/\/www.worldofheroes.pl\/wp-content\/uploads\/2016\/07\/05-WoH_line_template_cookies.png&#8221; show_in_lightbox=&#8221;off&#8221; url_new_window=&#8221;off&#8221; use_overlay=&#8221;off&#8221; animation=&#8221;off&#8221; sticky=&#8221;off&#8221; align=&#8221;left&#8221; force_fullwidth=&#8221;on&#8221; always_center_on_mobile=&#8221;off&#8221; disabled_on=&#8221;on|on|on&#8221; use_border_color=&#8221;off&#8221; border_color=&#8221;#ffffff&#8221; border_width=&#8221;1px&#8221; border_style=&#8221;solid&#8221; custom_margin=&#8221;45px||35px|&#8221; disabled=&#8221;on&#8221;] [\/et_pb_image][et_pb_text admin_label=&#8221;Tekst&#8221; background_layout=&#8221;dark&#8221; text_orientation=&#8221;left&#8221; use_border_color=&#8221;off&#8221; border_style=&#8221;solid&#8221; disabled=&#8221;off&#8221; border_color=&#8221;#ffffff&#8221;]<\/p>\n<p>&nbsp;<\/p>\n<p><span style=\"font-size: xx-large; font-family: Cinzel; text-transform: uppercase;\">Polityka prywatno\u015bci oraz plik\u00f3w Cookies<br \/>\n<\/span><\/p>\n<p>1. Przez Serwisy Internetowe World Of Heroes (zwane dalej Serwisami) rozumie si\u0119 wszystkie serwisy internetowe dost\u0119pne w domenie worldofheroes.pl. Serwisy internetowe nale\u017c\u0105ce do World Of Heroes, a nie znajduj\u0105ce si\u0119 w domenie worldofheroes.pl posiadaj\u0105 odr\u0119bne polityki cookies.<\/p>\n<p>&nbsp;<\/p>\n<p>2. Przez U\u017cytkownika Serwis\u00f3w rozumie si\u0119 ka\u017cd\u0105 osob\u0119 fizyczn\u0105, korzystaj\u0105c\u0105 z Serwis\u00f3w za po\u015brednictwem sieci Internet.<\/p>\n<p>&nbsp;<\/p>\n<p>3. Serwisy nie zbieraj\u0105 w spos\u00f3b automatyczny \u017cadnych informacji, z wyj\u0105tkiem informacji zawartych w plikach cookies.<\/p>\n<p>&nbsp;<\/p>\n<p>4. Pliki cookies (tzw. \u201eciasteczka\u201d) stanowi\u0105 dane informatyczne, w szczeg\u00f3lno\u015bci pliki tekstowe, kt\u00f3re przechowywane s\u0105 w urz\u0105dzeniu ko\u0144cowym U\u017cytkownika Serwis\u00f3w i przeznaczone s\u0105 do korzystania ze stron internetowych Serwis\u00f3w. Cookies zazwyczaj zawieraj\u0105 nazw\u0119 strony internetowej, z kt\u00f3rej pochodz\u0105, czas przechowywania ich na urz\u0105dzeniu ko\u0144cowym oraz unikalny numer.<\/p>\n<p>&nbsp;<\/p>\n<p>5. Podmiotem zamieszczaj\u0105cym na urz\u0105dzeniu ko\u0144cowym U\u017cytkownika Serwis\u00f3w pliki cookies oraz uzyskuj\u0105cym do nich dost\u0119p jest operator Serwis\u00f3w \u2013 Dragonsan Studios z siedzib\u0105 pod adresem Al. Komisji Edukacji Narodowej 36\/112B, 02-797 Warszawa, Polska.<\/p>\n<p>&nbsp;<\/p>\n<p>6. W ramach Serwis\u00f3w stosowane s\u0105 dwa zasadnicze typy plik\u00f3w cookies: \u201esesyjne\u201d\u00a0 (session cookies) oraz \u201esta\u0142e\u201d (persistent cookies). Cookies \u201esesyjne\u201d s\u0105 plikami tymczasowymi, kt\u00f3re przechowywane s\u0105 w urz\u0105dzeniu ko\u0144cowym U\u017cytkownika do czasu wylogowania, opuszczenia strony internetowej lub wy\u0142\u0105czenia oprogramowania (przegl\u0105darki internetowej). \u201eSta\u0142e\u201d pliki cookies przechowywane s\u0105 w urz\u0105dzeniu ko\u0144cowym U\u017cytkownika przez czas okre\u015blony w parametrach plik\u00f3w cookies lub do czasu ich usuni\u0119cia przez U\u017cytkownika.<\/p>\n<p>&nbsp;<\/p>\n<p>7. W ramach Serwis\u00f3w stosowane s\u0105 nast\u0119puj\u0105ce rodzaje plik\u00f3w cookies:<\/p>\n<p>a) \u201eniezb\u0119dne\u201d pliki cookies, umo\u017cliwiaj\u0105ce korzystanie z us\u0142ug dost\u0119pnych w ramach Serwis\u00f3w, np. uwierzytelniaj\u0105ce pliki cookies wykorzystywane do us\u0142ug wymagaj\u0105cych uwierzytelniania w ramach Serwis\u00f3w lub zapewniaj\u0105ce mechanizm jednokrotnego logowania;<br \/>\nb) pliki cookies s\u0142u\u017c\u0105ce do zapewnienia bezpiecze\u0144stwa, np. wykorzystywane do wykrywania nadu\u017cy\u0107 w zakresie uwierzytelniania w ramach Serwis\u00f3w;<br \/>\nc) \u201ewydajno\u015bciowe\u201d pliki cookies, umo\u017cliwiaj\u0105ce zbieranie informacji o sposobie korzystania ze stron internetowych Serwis\u00f3w;<br \/>\nd) \u201efunkcjonalne\u201d pliki cookies, umo\u017cliwiaj\u0105ce \u201ezapami\u0119tanie\u201d wybranych przez U\u017cytkownika ustawie\u0144 i personalizacj\u0119 interfejsu U\u017cytkownika, np. w zakresie wybranego j\u0119zyka lub regionu, z kt\u00f3rego pochodzi U\u017cytkownik, rozmiaru czcionki, wygl\u0105du strony internetowej itp.;<br \/>\nf) pliki cookies serwis\u00f3w zewn\u0119trznych wykorzystywanych w portalu, takich jak YouTube, Facebook, Twitter czy AddThis<\/p>\n<p>&nbsp;<\/p>\n<p>8. W wielu przypadkach oprogramowanie s\u0142u\u017c\u0105ce do przegl\u0105dania stron internetowych (przegl\u0105darka internetowa) domy\u015blnie dopuszcza przechowywanie plik\u00f3w cookies w urz\u0105dzeniu ko\u0144cowym U\u017cytkownika. U\u017cytkownicy Serwis\u00f3w mog\u0105 dokona\u0107 w ka\u017cdym czasie zmiany ustawie\u0144 dotycz\u0105cych plik\u00f3w cookies. Ustawienia te mog\u0105 zosta\u0107 zmienione w szczeg\u00f3lno\u015bci w taki spos\u00f3b, aby blokowa\u0107 automatyczn\u0105 obs\u0142ug\u0119 plik\u00f3w cookies w ustawieniach przegl\u0105darki internetowej b\u0105d\u017a informowa\u0107 o ich ka\u017cdorazowym zamieszczeniu w urz\u0105dzeniu U\u017cytkownika Serwis\u00f3w. Szczeg\u00f3\u0142owe informacje o mo\u017cliwo\u015bci i sposobach obs\u0142ugi plik\u00f3w cookies dost\u0119pne s\u0105 w ustawieniach oprogramowania (przegl\u0105darki internetowej).<\/p>\n<p>&nbsp;<\/p>\n<p>9. Operator Serwis\u00f3w informuje, \u017ce ograniczenia stosowania plik\u00f3w cookies mog\u0105 wp\u0142yn\u0105\u0107 na niekt\u00f3re funkcjonalno\u015bci dost\u0119pne na stronach internetowych Serwis\u00f3w.<\/p>\n<p>&nbsp;<\/p>\n<p>10. Wi\u0119cej informacji na temat plik\u00f3w cookies dost\u0119pnych jest w sekcji \u201ePomoc\u201d w menu przegl\u0105darki internetowej.<\/p>\n<p>[\/et_pb_text][\/et_pb_column][\/et_pb_row][\/et_pb_section]<\/p>\n","protected":false},"excerpt":{"rendered":"<p>[et_pb_section admin_label=&#8221;section&#8221; transparent_background=&#8221;on&#8221; allow_player_pause=&#8221;off&#8221; inner_shadow=&#8221;off&#8221; parallax=&#8221;off&#8221; parallax_method=&#8221;on&#8221; custom_padding=&#8221;50px|0px|0px|0px&#8221; padding_mobile=&#8221;off&#8221; make_fullwidth=&#8221;off&#8221; use_custom_width=&#8221;off&#8221; width_unit=&#8221;off&#8221; custom_width_px=&#8221;1080px&#8221; custom_width_percent=&#8221;80%&#8221; make_equal=&#8221;off&#8221; use_custom_gutter=&#8221;off&#8221; fullwidth=&#8221;off&#8221; specialty=&#8221;off&#8221; disabled=&#8221;off&#8221;][et_pb_row admin_label=&#8221;row&#8221; make_fullwidth=&#8221;on&#8221; use_custom_width=&#8221;off&#8221; width_unit=&#8221;off&#8221; custom_width_px=&#8221;1080px&#8221; custom_width_percent=&#8221;80%&#8221; use_custom_gutter=&#8221;on&#8221; gutter_width=&#8221;2&#8243; custom_padding=&#8221;0px|0px|0px|0px&#8221; padding_mobile=&#8221;off&#8221; allow_player_pause=&#8221;off&#8221; parallax=&#8221;off&#8221; parallax_method=&#8221;on&#8221; make_equal=&#8221;off&#8221; column_padding_mobile=&#8221;on&#8221; parallax_1=&#8221;off&#8221; parallax_method_1=&#8221;on&#8221; parallax_2=&#8221;off&#8221; parallax_method_2=&#8221;on&#8221; parallax_3=&#8221;off&#8221; parallax_method_3=&#8221;on&#8221; parallax_4=&#8221;off&#8221; parallax_method_4=&#8221;on&#8221; disabled=&#8221;off&#8221;][et_pb_column type=&#8221;4_4&#8243;][et_pb_text admin_label=&#8221;Tekst&#8221; background_layout=&#8221;dark&#8221; text_orientation=&#8221;left&#8221; use_border_color=&#8221;off&#8221; border_style=&#8221;solid&#8221; disabled=&#8221;off&#8221;] [\/et_pb_text][\/et_pb_column][\/et_pb_row][\/et_pb_section][et_pb_section admin_label=&#8221;Sekcja&#8221; transparent_background=&#8221;on&#8221; allow_player_pause=&#8221;off&#8221; inner_shadow=&#8221;off&#8221; [&hellip;]<\/p>\n","protected":false},"author":1,"featured_media":0,"parent":0,"menu_order":0,"comment_status":"closed","ping_status":"closed","template":"","meta":{"_et_pb_use_builder":"on","_et_pb_old_content":"<p>[et_pb_section transparent_background=\"on\" allow_player_pause=\"off\" inner_shadow=\"off\" parallax=\"off\" parallax_method=\"on\" custom_padding=\"50px|0px|0px|0px\" padding_mobile=\"off\" make_fullwidth=\"off\" use_custom_width=\"off\" width_unit=\"off\" custom_width_px=\"1080px\" custom_width_percent=\"80%\" make_equal=\"off\" use_custom_gutter=\"off\" fullwidth=\"off\" specialty=\"off\" admin_label=\"section\" disabled=\"off\"][et_pb_row make_fullwidth=\"on\" use_custom_width=\"off\" width_unit=\"off\" custom_width_px=\"1080px\" custom_width_percent=\"80%\" use_custom_gutter=\"on\" gutter_width=\"2\" custom_padding=\"0px|0px|0px|0px\" padding_mobile=\"off\" allow_player_pause=\"off\" parallax=\"off\" parallax_method=\"on\" make_equal=\"off\" column_padding_mobile=\"on\" parallax_1=\"off\" parallax_method_1=\"on\" parallax_2=\"off\" parallax_method_2=\"on\" parallax_3=\"off\" parallax_method_3=\"on\" parallax_4=\"off\" parallax_method_4=\"on\" admin_label=\"row\" disabled=\"off\"][et_pb_column type=\"4_4\" disabled=\"off\" parallax=\"off\" parallax_method=\"on\" column_padding_mobile=\"on\"][et_pb_text background_layout=\"dark\" text_orientation=\"left\" admin_label=\"Tekst\" use_border_color=\"off\" border_style=\"solid\" disabled=\"off\"] [\/et_pb_text][\/et_pb_column][\/et_pb_row][\/et_pb_section][et_pb_section transparent_background=\"on\" allow_player_pause=\"off\" inner_shadow=\"off\" parallax=\"off\" parallax_method=\"off\" custom_padding=\"0px|0px|0px|0px\" padding_mobile=\"off\" make_fullwidth=\"off\" use_custom_width=\"off\" width_unit=\"on\" custom_width_px=\"1080px\" custom_width_percent=\"80%\" make_equal=\"off\" use_custom_gutter=\"off\" fullwidth=\"off\" specialty=\"off\" admin_label=\"Sekcja\" custom_css_main_element=\"padding-right: 50px;||padding-left: 50px;||min-height: 1326px;||max-height: 1326px;||min-width: 1236px;||max-width: 1236px;||margin-bottom: 100px;||margin-left: auto;||margin-right: auto;\" disabled=\"off\"][et_pb_row make_fullwidth=\"on\" use_custom_width=\"off\" width_unit=\"off\" custom_width_px=\"1080px\" custom_width_percent=\"80%\" use_custom_gutter=\"on\" gutter_width=\"2\" custom_padding=\"0px|45px|0px|45px\" padding_mobile=\"off\" custom_margin=\"||150px|\" background_image=\"https:\/\/www.worldofheroes.pl\/wp-content\/uploads\/2016\/12\/04-WoH_media_gallery_BG.png\" allow_player_pause=\"off\" parallax=\"off\" parallax_method=\"on\" make_equal=\"off\" column_padding_mobile=\"on\" parallax_1=\"off\" parallax_method_1=\"on\" parallax_2=\"off\" parallax_method_2=\"on\" parallax_3=\"off\" parallax_method_3=\"on\" parallax_4=\"off\" parallax_method_4=\"on\" admin_label=\"row\" custom_css_main_element=\"min-width: 1236px;||min-height: 1443px;||margin-left: auto;||margin-right: auto;\" disabled=\"off\"][et_pb_column type=\"4_4\" disabled=\"off\" parallax=\"off\" parallax_method=\"on\" column_padding_mobile=\"on\"][et_pb_image src=\"https:\/\/www.worldofheroes.pl\/wp-content\/uploads\/2016\/07\/05-WoH_line_template_cookies.png\" show_in_lightbox=\"off\" url_new_window=\"off\" use_overlay=\"off\" animation=\"off\" sticky=\"off\" align=\"left\" force_fullwidth=\"on\" always_center_on_mobile=\"off\" disabled_on=\"on|on|on\" admin_label=\"Obraz\" use_border_color=\"off\" border_color=\"#ffffff\" border_width=\"1px\" border_style=\"solid\" custom_margin=\"45px||35px|\" disabled=\"on\"] [\/et_pb_image][et_pb_text background_layout=\"dark\" text_orientation=\"left\" admin_label=\"Tekst\" use_border_color=\"off\" border_style=\"solid\" disabled=\"off\"]<\/p><p><span style=\"font-size: xx-large; font-family: Cinzel; color: rgba(255, 255, 255, 0.81); text-transform: uppercase;\">\u00a0<\/span><\/p><p>\u00a0<\/p><p><span style=\"font-size: xx-large; font-family: Cinzel; color: rgba(255, 255, 255, 0.81); text-transform: uppercase;\">\u00a0<\/span><\/p><p>\u00a0<\/p><p><span style=\"font-size: xx-large; font-family: Cinzel; color: rgba(255, 255, 255, 0.81); text-transform: uppercase;\">\u00a0<\/span><\/p><p>\u00a0<\/p><p><span style=\"font-size: xx-large; font-family: Cinzel; text-transform: uppercase;\">Polityka prywatno\u015bci oraz plik\u00f3w Cookies<br \/> <\/span><\/p><p>\u00a0<\/p><p><span style=\"font-size: xx-large; font-family: Cinzel; text-transform: uppercase;\">\u00a0<\/span><\/p><p>\u00a0<\/p><p>1. Przez Serwisy Internetowe World Of Heroes (zwane dalej Serwisami) rozumie si\u0119 wszystkie serwisy internetowe dost\u0119pne w domenie worldofheroes.pl. Serwisy internetowe nale\u017c\u0105ce do World Of Heroes, a nie znajduj\u0105ce si\u0119 w domenie worldofheroes.pl posiadaj\u0105 odr\u0119bne polityki cookies.<\/p><p>\u00a0<\/p><p>\u00a0<\/p><p>2. Przez U\u017cytkownika Serwis\u00f3w rozumie si\u0119 ka\u017cd\u0105 osob\u0119 fizyczn\u0105, korzystaj\u0105c\u0105 z Serwis\u00f3w za po\u015brednictwem sieci Internet.<\/p><p>\u00a0<\/p><p>\u00a0<\/p><p>3. Serwisy nie zbieraj\u0105 w spos\u00f3b automatyczny \u017cadnych informacji, z wyj\u0105tkiem informacji zawartych w plikach cookies.<\/p><p>\u00a0<\/p><p>\u00a0<\/p><p>4. Pliki cookies (tzw. \u201eciasteczka\u201d) stanowi\u0105 dane informatyczne, w szczeg\u00f3lno\u015bci pliki tekstowe, kt\u00f3re przechowywane s\u0105 w urz\u0105dzeniu ko\u0144cowym U\u017cytkownika Serwis\u00f3w i przeznaczone s\u0105 do korzystania ze stron internetowych Serwis\u00f3w. Cookies zazwyczaj zawieraj\u0105 nazw\u0119 strony internetowej, z kt\u00f3rej pochodz\u0105, czas przechowywania ich na urz\u0105dzeniu ko\u0144cowym oraz unikalny numer.<\/p><p>\u00a0<\/p><p>\u00a0<\/p><p>5. Podmiotem zamieszczaj\u0105cym na urz\u0105dzeniu ko\u0144cowym U\u017cytkownika Serwis\u00f3w pliki cookies oraz uzyskuj\u0105cym do nich dost\u0119p jest operator Serwis\u00f3w \u2013 Dragonsan Studios z siedzib\u0105 pod adresem Al. Komisji Edukacji Narodowej 36\/112B, 02-797 Warszawa, Polska.<\/p><p>\u00a0<\/p><p>\u00a0<\/p><p>6. W ramach Serwis\u00f3w stosowane s\u0105 dwa zasadnicze typy plik\u00f3w cookies: \u201esesyjne\u201d\u00a0 (session cookies) oraz \u201esta\u0142e\u201d (persistent cookies). Cookies \u201esesyjne\u201d s\u0105 plikami tymczasowymi, kt\u00f3re przechowywane s\u0105 w urz\u0105dzeniu ko\u0144cowym U\u017cytkownika do czasu wylogowania, opuszczenia strony internetowej lub wy\u0142\u0105czenia oprogramowania (przegl\u0105darki internetowej). \u201eSta\u0142e\u201d pliki cookies przechowywane s\u0105 w urz\u0105dzeniu ko\u0144cowym U\u017cytkownika przez czas okre\u015blony w parametrach plik\u00f3w cookies lub do czasu ich usuni\u0119cia przez U\u017cytkownika.<\/p><p>\u00a0<\/p><p>\u00a0<\/p><p>7. W ramach Serwis\u00f3w stosowane s\u0105 nast\u0119puj\u0105ce rodzaje plik\u00f3w cookies:<\/p><p>\u00a0<\/p><p style=\"text-align: justify;\">a) \u201eniezb\u0119dne\u201d pliki cookies, umo\u017cliwiaj\u0105ce korzystanie z us\u0142ug dost\u0119pnych w ramach Serwis\u00f3w, np. uwierzytelniaj\u0105ce pliki cookies wykorzystywane do us\u0142ug wymagaj\u0105cych uwierzytelniania w ramach Serwis\u00f3w lub zapewniaj\u0105ce mechanizm jednokrotnego logowania;<br \/> b) pliki cookies s\u0142u\u017c\u0105ce do zapewnienia bezpiecze\u0144stwa, np. wykorzystywane do wykrywania nadu\u017cy\u0107 w zakresie uwierzytelniania w ramach Serwis\u00f3w;<br \/> c) \u201ewydajno\u015bciowe\u201d pliki cookies, umo\u017cliwiaj\u0105ce zbieranie informacji o sposobie korzystania ze stron internetowych Serwis\u00f3w;<br \/> d) \u201efunkcjonalne\u201d pliki cookies, umo\u017cliwiaj\u0105ce \u201ezapami\u0119tanie\u201d wybranych przez U\u017cytkownika ustawie\u0144 i personalizacj\u0119 interfejsu U\u017cytkownika, np. w zakresie wybranego j\u0119zyka lub regionu, z kt\u00f3rego pochodzi U\u017cytkownik, rozmiaru czcionki, wygl\u0105du strony internetowej itp.;<br \/> f) pliki cookies serwis\u00f3w zewn\u0119trznych wykorzystywanych w portalu, takich jak YouTube, Facebook, Twitter czy AddThis<\/p><p>\u00a0<\/p><p>8. W wielu przypadkach oprogramowanie s\u0142u\u017c\u0105ce do przegl\u0105dania stron internetowych (przegl\u0105darka internetowa) domy\u015blnie dopuszcza przechowywanie plik\u00f3w cookies w urz\u0105dzeniu ko\u0144cowym U\u017cytkownika. U\u017cytkownicy Serwis\u00f3w mog\u0105 dokona\u0107 w ka\u017cdym czasie zmiany ustawie\u0144 dotycz\u0105cych plik\u00f3w cookies. Ustawienia te mog\u0105 zosta\u0107 zmienione w szczeg\u00f3lno\u015bci w taki spos\u00f3b, aby blokowa\u0107 automatyczn\u0105 obs\u0142ug\u0119 plik\u00f3w cookies w ustawieniach przegl\u0105darki internetowej b\u0105d\u017a informowa\u0107 o ich ka\u017cdorazowym zamieszczeniu w urz\u0105dzeniu U\u017cytkownika Serwis\u00f3w. Szczeg\u00f3\u0142owe informacje o mo\u017cliwo\u015bci i sposobach obs\u0142ugi plik\u00f3w cookies dost\u0119pne s\u0105 w ustawieniach oprogramowania (przegl\u0105darki internetowej).<\/p><p>\u00a0<\/p><p>\u00a0<\/p><p>9. Operator Serwis\u00f3w informuje, \u017ce ograniczenia stosowania plik\u00f3w cookies mog\u0105 wp\u0142yn\u0105\u0107 na niekt\u00f3re funkcjonalno\u015bci dost\u0119pne na stronach internetowych Serwis\u00f3w.<\/p><p>\u00a0<\/p><p>\u00a0<\/p><p>10. Wi\u0119cej informacji na temat plik\u00f3w cookies dost\u0119pnych jest w sekcji \u201ePomoc\u201d w menu przegl\u0105darki internetowej.<\/p><p>\u00a0<\/p><p>\u00a0<\/p><p>[\/et_pb_text][\/et_pb_column][\/et_pb_row][\/et_pb_section]<\/p>","_et_gb_content_width":""},"_links":{"self":[{"href":"https:\/\/www.worldofheroes.pl\/en\/index.php?rest_route=\/wp\/v2\/pages\/2655"}],"collection":[{"href":"https:\/\/www.worldofheroes.pl\/en\/index.php?rest_route=\/wp\/v2\/pages"}],"about":[{"href":"https:\/\/www.worldofheroes.pl\/en\/index.php?rest_route=\/wp\/v2\/types\/page"}],"author":[{"embeddable":true,"href":"https:\/\/www.worldofheroes.pl\/en\/index.php?rest_route=\/wp\/v2\/users\/1"}],"replies":[{"embeddable":true,"href":"https:\/\/www.worldofheroes.pl\/en\/index.php?rest_route=%2Fwp%2Fv2%2Fcomments&post=2655"}],"version-history":[{"count":3,"href":"https:\/\/www.worldofheroes.pl\/en\/index.php?rest_route=\/wp\/v2\/pages\/2655\/revisions"}],"predecessor-version":[{"id":2667,"href":"https:\/\/www.worldofheroes.pl\/en\/index.php?rest_route=\/wp\/v2\/pages\/2655\/revisions\/2667"}],"wp:attachment":[{"href":"https:\/\/www.worldofheroes.pl\/en\/index.php?rest_route=%2Fwp%2Fv2%2Fmedia&parent=2655"}],"curies":[{"name":"wp","href":"https:\/\/api.w.org\/{rel}","templated":true}]}}