{"id":2654,"date":"2017-01-05T21:57:05","date_gmt":"2017-02-11T16:27:45","guid":{"rendered":"https:\/\/www.worldofheroes.pl?page_id=2654"},"modified":"2017-02-11T17:32:44","modified_gmt":"2017-02-11T16:32:44","slug":"eula","status":"publish","type":"page","link":"https:\/\/www.worldofheroes.pl\/en?page_id=2654","title":{"rendered":"EULA"},"content":{"rendered":"<p>[et_pb_section transparent_background=&#8221;on&#8221; allow_player_pause=&#8221;off&#8221; inner_shadow=&#8221;off&#8221; parallax=&#8221;off&#8221; parallax_method=&#8221;on&#8221; custom_padding=&#8221;50px|0px|0px|0px&#8221; padding_mobile=&#8221;off&#8221; make_fullwidth=&#8221;off&#8221; use_custom_width=&#8221;off&#8221; width_unit=&#8221;off&#8221; custom_width_px=&#8221;1080px&#8221; custom_width_percent=&#8221;80%&#8221; make_equal=&#8221;off&#8221; use_custom_gutter=&#8221;off&#8221; fullwidth=&#8221;off&#8221; specialty=&#8221;off&#8221; admin_label=&#8221;section&#8221; disabled=&#8221;off&#8221;][et_pb_row make_fullwidth=&#8221;on&#8221; use_custom_width=&#8221;off&#8221; width_unit=&#8221;off&#8221; custom_width_px=&#8221;1080px&#8221; custom_width_percent=&#8221;80%&#8221; use_custom_gutter=&#8221;on&#8221; gutter_width=&#8221;2&#8243; custom_padding=&#8221;0px|0px|0px|0px&#8221; padding_mobile=&#8221;off&#8221; allow_player_pause=&#8221;off&#8221; parallax=&#8221;off&#8221; parallax_method=&#8221;on&#8221; make_equal=&#8221;off&#8221; column_padding_mobile=&#8221;on&#8221; parallax_1=&#8221;off&#8221; parallax_method_1=&#8221;on&#8221; parallax_2=&#8221;off&#8221; parallax_method_2=&#8221;on&#8221; parallax_3=&#8221;off&#8221; parallax_method_3=&#8221;on&#8221; parallax_4=&#8221;off&#8221; parallax_method_4=&#8221;on&#8221; admin_label=&#8221;row&#8221; disabled=&#8221;off&#8221;][et_pb_column type=&#8221;4_4&#8243; disabled=&#8221;off&#8221; parallax=&#8221;off&#8221; parallax_method=&#8221;on&#8221; column_padding_mobile=&#8221;on&#8221;][et_pb_text background_layout=&#8221;dark&#8221; text_orientation=&#8221;left&#8221; admin_label=&#8221;Tekst&#8221; use_border_color=&#8221;off&#8221; border_style=&#8221;solid&#8221; disabled=&#8221;off&#8221;] [\/et_pb_text][\/et_pb_column][\/et_pb_row][\/et_pb_section][et_pb_section transparent_background=&#8221;on&#8221; allow_player_pause=&#8221;off&#8221; inner_shadow=&#8221;off&#8221; parallax=&#8221;off&#8221; parallax_method=&#8221;off&#8221; custom_padding=&#8221;0px|0px|0px|0px&#8221; padding_mobile=&#8221;off&#8221; make_fullwidth=&#8221;off&#8221; use_custom_width=&#8221;off&#8221; width_unit=&#8221;on&#8221; custom_width_px=&#8221;1080px&#8221; custom_width_percent=&#8221;80%&#8221; make_equal=&#8221;off&#8221; use_custom_gutter=&#8221;off&#8221; fullwidth=&#8221;off&#8221; specialty=&#8221;off&#8221; admin_label=&#8221;Sekcja&#8221; custom_css_main_element=&#8221;padding-right: 50px;||padding-left: 50px;||min-height: 1326px;||max-height: 1326px;||min-width: 1236px;||max-width: 1236px;||margin-bottom: 100px;||margin-left: auto;||margin-right: auto;&#8221; disabled=&#8221;off&#8221;][et_pb_row make_fullwidth=&#8221;on&#8221; use_custom_width=&#8221;off&#8221; width_unit=&#8221;off&#8221; custom_width_px=&#8221;1080px&#8221; custom_width_percent=&#8221;80%&#8221; use_custom_gutter=&#8221;on&#8221; gutter_width=&#8221;2&#8243; custom_padding=&#8221;0px|45px|0px|45px&#8221; padding_mobile=&#8221;off&#8221; custom_margin=&#8221;||150px|&#8221; background_image=&#8221;https:\/\/www.worldofheroes.pl\/wp-content\/uploads\/2017\/01\/04-WoH_BGx3.png&#8221; allow_player_pause=&#8221;off&#8221; parallax=&#8221;off&#8221; parallax_method=&#8221;on&#8221; make_equal=&#8221;off&#8221; column_padding_mobile=&#8221;on&#8221; parallax_1=&#8221;off&#8221; parallax_method_1=&#8221;on&#8221; parallax_2=&#8221;off&#8221; parallax_method_2=&#8221;on&#8221; parallax_3=&#8221;off&#8221; parallax_method_3=&#8221;on&#8221; parallax_4=&#8221;off&#8221; parallax_method_4=&#8221;on&#8221; admin_label=&#8221;row&#8221; custom_css_main_element=&#8221;min-width: 1236px;||margin-left: auto;||margin-right: auto;&#8221; disabled=&#8221;off&#8221;][et_pb_column type=&#8221;4_4&#8243; disabled=&#8221;off&#8221; parallax=&#8221;off&#8221; parallax_method=&#8221;on&#8221; column_padding_mobile=&#8221;on&#8221;][et_pb_image src=&#8221;https:\/\/www.worldofheroes.pl\/wp-content\/uploads\/2017\/01\/05-WoH_line_template-EULA.png&#8221; show_in_lightbox=&#8221;off&#8221; url_new_window=&#8221;off&#8221; use_overlay=&#8221;off&#8221; animation=&#8221;off&#8221; sticky=&#8221;off&#8221; align=&#8221;left&#8221; force_fullwidth=&#8221;on&#8221; always_center_on_mobile=&#8221;off&#8221; disabled_on=&#8221;on|on|on&#8221; admin_label=&#8221;Obraz&#8221; use_border_color=&#8221;off&#8221; border_color=&#8221;#ffffff&#8221; border_width=&#8221;1px&#8221; border_style=&#8221;solid&#8221; custom_margin=&#8221;45px||35px|&#8221; disabled=&#8221;on&#8221;] [\/et_pb_image][et_pb_text background_layout=&#8221;dark&#8221; text_orientation=&#8221;left&#8221; admin_label=&#8221;Tekst&#8221; use_border_color=&#8221;off&#8221; border_style=&#8221;solid&#8221; disabled=&#8221;off&#8221;]<\/p>\n<p><span style=\"font-size: xx-large; font-family: Cinzel; text-transform: uppercase;\">\u00a0<\/span><\/p>\n<p>&nbsp;<\/p>\n<p><span style=\"font-size: xx-large; font-family: Cinzel; text-transform: uppercase;\">UMOWA LICENCYJNA U\u017bYTKOWNIKA KO\u0143COWEGO (EULA)<br \/>\n<\/span><\/p>\n<p>&nbsp;<\/p>\n<p>Ostatnia aktualizacja: 02 stycznia 2017<\/p>\n<p>&nbsp;<\/p>\n<ol>\n<li><strong>Postanowienia og\u00f3lne.<\/strong><\/li>\n<\/ol>\n<p>1.1.\u00a0\u00a0\u00a0\u00a0 Ilekro\u0107 w umowie jest mowa o:<\/p>\n<p>1) EULA \u2013 nale\u017cy przez to rozumie\u0107 niniejsz\u0105 umow\u0119 licencyjn\u0105 u\u017cytkownika ko\u0144cowego, wraz ze stanowi\u0105cymi jej integraln\u0105 cz\u0119\u015b\u0107 za\u0142\u0105cznikami;<\/p>\n<p>2) DSS \u2013 nale\u017cy przez to rozumie\u0107 Dragonsan Studios Sp\u00f3\u0142ka z ograniczon\u0105 odpowiedzialno\u015bci\u0105, z siedzib\u0105 w Warszawie, Al. Komisji Edukacji Narodowej 36\/112B, 02-797 Warszawa, NIP:5213765019, REGON:366407353, KRS:0000660049;<\/p>\n<p>3) Grze \u2013 nale\u017cy przez to rozumie\u0107 gr\u0119 \u201eWorld of Heroes\u201d, wyprodukowan\u0105 przez DSS i stanowi\u0105c\u0105 jej w\u0142asno\u015b\u0107;<\/p>\n<p>4) Graczu \u2013 nale\u017cy przez to rozumie\u0107 u\u017cytkownika ko\u0144cowego, instaluj\u0105cego lub u\u017cytkuj\u0105cego Gr\u0119;<\/p>\n<p>5) Zasadach Gry \u2013 nale\u017cy przez to rozumie\u0107 okre\u015blony przez DSS i stanowi\u0105cy integraln\u0105 cz\u0119\u015b\u0107 EULA zbi\u00f3r regu\u0142 i wytycznych dla Gracza, w zakresie u\u017cytkowania Gry.<\/p>\n<p>1.2.\u00a0\u00a0\u00a0\u00a0 EULA okre\u015bla prawa i obowi\u0105zki Gracza w zakresie u\u017cytkowania Gry, wyra\u017caj\u0105c oczekiwania DSS wobec Gracza.<\/p>\n<p>1.3.\u00a0\u00a0\u00a0\u00a0 EULA okre\u015bla r\u00f3wnie\u017c prawa i obowi\u0105zki DSS, w zakresie okre\u015blonym w pkt 1.2.<\/p>\n<p>1.4.\u00a0\u00a0\u00a0\u00a0 Zasady Gry s\u0105 okre\u015blone na stronie znajduj\u0105cej si\u0119 <span style=\"color: #e09900;\"><a style=\"color: #e09900;\" href=\"?page_id=2060\">tutaj<\/a><\/span>.<\/p>\n<p><strong>\u00a0<\/strong><\/p>\n<ol start=\"2\">\n<li><strong> Akceptacja EULA przez Gracza.<\/strong><\/li>\n<\/ol>\n<p>2.1.\u00a0\u00a0\u00a0\u00a0 Instalacja Gry lub rozpocz\u0119cie jej u\u017cytkowania, wymaga uprzedniego starannego zapoznania si\u0119 z EULA oraz Zasadami Gry, a tak\u017ce ich akceptacji przez Gracza.<\/p>\n<p>2.2. Akceptacja EULA przez Gracza nast\u0119puje poprzez przeprowadzenie procesu instalacji Gry lub rozpocz\u0119cia jej u\u017cytkowania.<\/p>\n<p>2.3.\u00a0\u00a0\u00a0\u00a0 Akceptacja EULA przez Gracza jest rozumiana jako wyra\u017cenie przez Gracza zgody na postanowienia EULA, w tym Zasady Gry.<\/p>\n<p>2.4.\u00a0\u00a0\u00a0\u00a0 DSS nie wyra\u017ca zgody na instalowanie lub u\u017cytkowanie Gry w przypadku, gdy Gracz:<\/p>\n<p>1) nie akceptuje postanowie\u0144 kt\u00f3regokolwiek z dokument\u00f3w, o kt\u00f3rych mowa w pkt 2.1.;<\/p>\n<p>2) nie ma uko\u0144czonych 18 lat, z zastrze\u017ceniem pkt 2.4.<\/p>\n<p>2.5.\u00a0\u00a0\u00a0\u00a0 W przypadku os\u00f3b, kt\u00f3re nie ma uko\u0144czy\u0142y 18 lat, akceptacj\u0119 dokument\u00f3w, o kt\u00f3rych mowa w pkt 2.1, wyra\u017caj\u0105 jej rodzice lub opiekunowie prawni. W takim przypadku instalacja Gry oraz jej u\u017cytkowanie przez Gracza, kt\u00f3ry nie uko\u0144czy\u0142 18 lat, wymaga nadzoru rodzica lub opiekuna prawnego.<\/p>\n<p><strong>\u00a0<\/strong><\/p>\n<ol start=\"3\">\n<li><strong> Warunki \u015bwiadczenia us\u0142ug oraz Polityka prywatno\u015bci oraz plik\u00f3w Cookie.<\/strong><\/li>\n<\/ol>\n<p>Akceptuj\u0105c EULA Gracz potwierdza, \u017ce w ramach procesu zak\u0142adania konta w Grze przeczyta\u0142 Warunki \u015awiadczenia Us\u0142ug przez DSS oraz <a href=\"?page_id=348\">Polityk\u0119 prywatno\u015bci oraz plik\u00f3w cookie<\/a> DSS i wyra\u017ca na nie zgod\u0119.<\/p>\n<p><strong>\u00a0<\/strong><\/p>\n<ol start=\"4\">\n<li><strong> Zmiany niniejszej umowy EULA i Zasad gry.<\/strong><\/li>\n<\/ol>\n<p>4.1.\u00a0\u00a0\u00a0\u00a0 DSS zastrzega sobie prawo do wprowadzania zmian w EULA \u2013 z wa\u017cnych przyczyn, w szczeg\u00f3lno\u015bci w celu uwzgl\u0119dnienia nowych funkcji lub funkcjonalno\u015bci w Grze, a tak\u017ce w przypadku zmiany przepis\u00f3w prawa powszechnie obowi\u0105zuj\u0105cego.<\/p>\n<p>4.2.\u00a0\u00a0\u00a0\u00a0 W przypadku zmiany do EULA Graczowi przys\u0142uguje prawo do odmowy ich zaakceptowania. DSS, nie p\u00f3\u017aniej ni\u017c na 4 tygodnie przed pocz\u0105tkiem obowi\u0105zywania zmian EULA, poinformuje Gracza, za po\u015brednictwem poczty elektronicznej, o prawie odmowy.<\/p>\n<p>4.3.\u00a0\u00a0\u00a0\u00a0 Obowi\u0105zuj\u0105cy tekst EULA jest publikowany i udost\u0119pniany Graczom na stronach internetowych Gry. Gracz jest zobowi\u0105zany do upewnienia si\u0119 przed ka\u017cdorazowym rozpocz\u0119ciem u\u017cytkowania Gry, czy nie pojawi\u0142a si\u0119 aktualizacja\u00a0 EULA.<\/p>\n<p>4.4.\u00a0\u00a0\u00a0\u00a0 Zmiany postanowie\u0144 EULA nie naruszaj\u0105 nabytych przez Gracza praw i nie maj\u0105 mocy wstecznej.<\/p>\n<p>4.5.\u00a0\u00a0\u00a0\u00a0 DSS zastrzega sobie prawo do zmiany Zasad Gry \u2013 z wa\u017cnych przyczyn, w szczeg\u00f3lno\u015bci w celu rozwi\u0105zania problemu, kt\u00f3ry mo\u017ce pojawi\u0107 si\u0119 w Grze lub sposobie jej u\u017cytkowania, lub upewnienia si\u0119, \u017ce Gra nadal jest atrakcyjna dla wszystkich Graczy. W przypadku okre\u015blonym w zdaniu pierwszym, przepisy pkt 4.2. \u2013 4.4. stosuje si\u0119 odpowiednio.<\/p>\n<p>&nbsp;<\/p>\n<ol start=\"5\">\n<li><strong> U\u017cytkowanie Gry \u2013 licencja.<\/strong><\/li>\n<\/ol>\n<p>5.1. Graczowi, kt\u00f3ry wyrazi akceptacj\u0119 EULA, DSS udziela, na okres obowi\u0105zywania EULA, licencji na pobieranie, instalowanie i u\u017cytkowanie Gry.<\/p>\n<p>5.2. Licencja, o kt\u00f3rej mowa w pkt 5.1, ma charakter:<\/p>\n<p>1) niewy\u0142\u0105czny \u2013 DSS mo\u017ce udzieli\u0107 tej samej licencji lub licencji podobnej innym osobom;<\/p>\n<p>2) odwo\u0142alny \u2013 na zasadach okre\u015blonych w EULA DSS mo\u017ce licencj\u0119 wypowiedzie\u0107;<\/p>\n<p>3) osobisty \u2013 Gracz nie mo\u017ce wykorzystywa\u0107 Gry w jakimkolwiek celu komercyjnym;<\/p>\n<p>4) nieprzenoszalny \u2013 licencja zostaje udzielona wy\u0142\u0105cznie na u\u017cytek Gracza i Gracz nie mo\u017ce jej przenosi\u0107 ani udziela\u0107 sublicencji jakiejkolwiek innej osobie na jakiekolwiek prawa, kt\u00f3re DSS mu przyzna\u0142;<\/p>\n<p>5) ograniczony \u2013 Gracz mo\u017ce korzysta\u0107 z Gry wy\u0142\u0105cznie w celach okre\u015blonych w EULA;<\/p>\n<p>6) uzale\u017cniony od przestrzegania przez Gracza postanowie\u0144 EULA.<\/p>\n<p>&nbsp;<\/p>\n<ol start=\"6\">\n<li><strong> Wymagania techniczne.<\/strong><\/li>\n<\/ol>\n<p>Do korzystania z Gry wymagany jest okre\u015blony sprz\u0119t, oprogramowanie i mo\u017cliwo\u015bci (w tym odpowiednie \u0142\u0105cze internetowe).<\/p>\n<p><strong>\u00a0<\/strong><\/p>\n<ol start=\"7\">\n<li><strong> \u0141atki (patches), aktualizacje i zmiany.<\/strong><\/li>\n<\/ol>\n<p>7.1.\u00a0\u00a0\u00a0\u00a0 DSS zastrzega, \u017ce okresowo mo\u017ce wdra\u017ca\u0107 lub dostarcza\u0107 \u0142atki\u00a0(patches), aktualizacje, dodatkowych tre\u015b\u0107 lub innych modyfikacji Gry, w szczeg\u00f3lno\u015bci w celu poprawienia jej grywalno\u015bci online, dodanie nowych funkcji lub usuni\u0119cia b\u0142\u0119d\u00f3w oprogramowania.<\/p>\n<p>7.2. Akceptuj\u0105c pkt 7.1. Gracz wyra\u017ca zgod\u0119, przyznaje i rozumie, \u017ce DSS, w celu zwi\u0119kszenia satysfakcji z u\u017cytkowania Gry, b\u0119dzie stale pracowa\u0142 nad dalszym rozwojem Gry i us\u0142ug, w tym wprowadza\u0142 nowe wersje (upgrades) i aktualizacje grafiki, funkcjonalno\u015bci, grywalno\u015bci (gameplay), jak r\u00f3wnie\u017c jakiejkolwiek innej tre\u015bci Gry.<\/p>\n<p><strong>\u00a0<\/strong><\/p>\n<ol start=\"8\">\n<li><strong> W\u0142asno\u015b\u0107 intelektualna.<\/strong><\/li>\n<\/ol>\n<p>8.1. Gra, w tym kod, grafika, spos\u00f3b dzia\u0142ania gry, interfejs u\u017cytkownika, zawarto\u015b\u0107 audio i inna zawarto\u015b\u0107, zawiera informacje zastrze\u017cone oraz materia\u0142y chronione prawem autorskim lub innymi prawami, w szczeg\u00f3lno\u015bci prawami w\u0142asno\u015bci intelektualnej. Akceptuj\u0105c EULA Gracz przyjmuje do wiadomo\u015bci i zgadza si\u0119, \u017ce takie informacje zastrze\u017cone oraz materia\u0142y s\u0105 w\u0142asno\u015bci\u0105 DSS lub \u017ce posiadamy licencje do nich i \u017ce bez zgody DSS nie wolno mu ich u\u017cywa\u0107.<\/p>\n<p>8.2. \u201eWorld of Heroes\u201d, \u201cDragonsan\u201d oraz \u201cDragonsan Studios\u201d\u00a0i ich loga stanowi\u0105 znaki towarowe lub zarejestrowane znaki towarowe DSS. Graczowi nie wolno ich wykorzystywa\u0107 ani prezentowa\u0107 w jakikolwiek spos\u00f3b, z wyj\u0105tkiem przypadk\u00f3w wyra\u017anie okre\u015blonych w EULA. Wszelkie znaki towarowe i us\u0142ugowe os\u00f3b trzecich, kt\u00f3re pojawi\u0105 si\u0119 w Grze, stanowi\u0105 w\u0142asno\u015b\u0107 ich w\u0142a\u015bcicieli, a wszelkie prawa do nich s\u0105 zastrze\u017cone.<\/p>\n<p><strong>\u00a0<\/strong><\/p>\n<ol start=\"9\">\n<li><strong> Zasady Gry.<\/strong><\/li>\n<\/ol>\n<p>9.1 Zasady Gry okre\u015blaj\u0105 oczekiwane przez DSS zachowania podczas u\u017cytkowania Gry. Gracz jest zobowi\u0105zany przed rozpocz\u0119ciem u\u017cytkowania Gry do uwa\u017cnego przeczytania Zasady Gry.<\/p>\n<p>9.2. Gracz przyjmuje do wiadomo\u015bci i zgadza si\u0119, \u017ce \u201eodgrywanie roli\u201d (role-playing) nie jest wyt\u0142umaczeniem dla nieprzestrzegania Zasad Gry.<\/p>\n<p>9.3. Je\u017celi Gracz dopu\u015bci si\u0119 istotnego naruszenia Zasad Gry, DSS mo\u017ce, wedle rozs\u0105dnego uznania, z uwzgl\u0119dnieniem wagi naruszenia, zawiesi\u0107 lub zlikwidowa\u0107 konto Gracza w Grze, zgodnie z Warunkami \u015awiadczenia Us\u0142ug. DSS poinformuje pisemnie Gracza (np. e-mail, list) o zawieszeniu lub likwidacji jego konta w Grze, w terminie 14 dni przed planowanym dokonaniem tych czynno\u015bci, chyba, \u017ce waga naruszenia Gracza lub inne okoliczno\u015bci uzasadniaj\u0105 natychmiastowe zawieszenie lub likwidacj\u0119 konta Gracza w Grze.<\/p>\n<p>9.4. Je\u017celi Gracz pope\u0142ni\u0142 naruszenie pierwszy raz, a naruszenie to mo\u017cna usun\u0105\u0107 i nie jest ono ra\u017c\u0105ce, DSS wezwie pisemnie Gracza (np. e-mail, list) do ich usuni\u0119cia lub powstrzymania si\u0119 od takich narusze\u0144 w przysz\u0142o\u015bci.<\/p>\n<p>9.5. Zawieszenie konta Gracza w Grze skutkuje brakiem dost\u0119pu Gracza do jego konta w Grze oraz do us\u0142ug zwi\u0105zanych z Gr\u0105.<\/p>\n<p>9.6. Likwidacja konta Gracza w Grze skutkuje sta\u0142ym wy\u0142\u0105czeniem dost\u0119pu Gracza do jego konta w Grze, a tak\u017ce mo\u017cliwo\u015bci\u0105 wy\u0142\u0105czenia Graczowi dost\u0119pu do lub u\u017cytkowania us\u0142ug w przysz\u0142o\u015bci.<\/p>\n<p>9.7. Gracz ma prawo do zg\u0142aszania DSS przypadk\u00f3w naruszania Zasad Gry przez innych u\u017cytkownik\u00f3w, na adres <span style=\"color: #e09900;\"><a style=\"color: #e09900;\" href=\"mailto:support@worldofheroes.pl\">support@worldofheroes.pl<\/a><\/span>.<\/p>\n<p>&nbsp;<\/p>\n<ol start=\"10\">\n<li><strong> Ostrze\u017cenie dotycz\u0105ce epilepsji (padaczki).<\/strong><\/li>\n<\/ol>\n<p>Akceptuj\u0105c EULA Gracz potwierdza, \u017ce zapozna\u0142 si\u0119 z poni\u017csz\u0105 informacj\u0105 oraz, \u017ce przyjmuje j\u0105 do wiadomo\u015bci i stosowania.<\/p>\n<p>Niekt\u00f3re osoby s\u0105 podatne na ataki padaczki lub utrat\u0119 przytomno\u015bci podczas ekspozycji na migaj\u0105ce \u015bwiat\u0142a lub wzory \u015bwietlne. U takich os\u00f3b w wyniku ogl\u0105dania pewnych obraz\u00f3w na monitorze lub w wyniku grania w pewne gry wideo mo\u017ce nast\u0105pi\u0107 atak. Mo\u017ce si\u0119 to zdarzy\u0107 nawet w\u00f3wczas, gdy taka osoba nie ma \u017cadnej historii choroby w tym zakresie i nigdy nie mia\u0142a atak\u00f3w padaczki. Je\u017celi jakikolwiek cz\u0142onek Twojej rodziny wykazywa\u0142 kiedykolwiek objawy zwi\u0105zane z padaczk\u0105 (ataki lub utrata przytomno\u015bci) w wyniku ekspozycji na migaj\u0105ce \u015bwiat\u0142a, przed rozpocz\u0119ciem gry powiniene\u015b\/powinna\u015b skontaktowa\u0107 si\u0119 z lekarzem. DSS zaleca, aby rodzice monitorowali wykorzystanie gier wideo przez dzieci. Je\u017celi Ty lub Twoje dziecko podczas gry w gr\u0119 wideo do\u015bwiadczycie nast\u0119puj\u0105cych objaw\u00f3w: zawroty g\u0142owy, zaburzenia widzenia, skurcze mi\u0119\u015bni lub powiek, utrata przytomno\u015bci, dezorientacja, ruchy mimowolne lub drgawki, nale\u017cy NATYCHMIAST przerwa\u0107 gr\u0119 i skonsultowa\u0107 si\u0119 z lekarzem. Pami\u0119taj, \u017ce podczas korzystania z gry wideo konieczne jest zapewnienie standardowych \u015brodk\u00f3w ostro\u017cno\u015bci dotycz\u0105cych zdrowia i bezpiecze\u0144stwa, takich jak unikanie gry w razie zm\u0119czenia lub niewyspania, zachowywanie 10\u201315 minutowych przerw co godzin\u0119, siedzenie we w\u0142a\u015bciwej odleg\u0142o\u015bci od ekranu i granie w dobrze o\u015bwietlonym pomieszczeniu.<\/p>\n<p>&nbsp;<\/p>\n<ol start=\"11\">\n<li><strong> Zapewnienia i zakres odpowiedzialno\u015bci odno\u015bnie Gry.<\/strong><\/li>\n<\/ol>\n<p>11.1. DSS zapewnia, \u017ce ma prawo do zawarcia EULA i udzielenia Graczowi licencji na korzystanie z Gry, na zasadach okre\u015blonych pkt 5.<\/p>\n<p>11.2 DSS ponosi odpowiedzialno\u015b\u0107 za szkody zwi\u0105zane z obra\u017ceniami cia\u0142a lub nara\u017ceniem \u017cycia lub zdrowia, lub za szkody umy\u015blnie wyrz\u0105dzone przez DSS, przedstawicieli DSS, pracownik\u00f3w DSS lub wykonawc\u00f3w DSS. DSS ponosi odpowiedzialno\u015b\u0107 za szkod\u0119 wyrz\u0105dzon\u0105 przez produkt niebezpieczny, zgodnie ustaw\u0105 z dnia z dnia 23 kwietnia 1964 r. \u2013 Kodeks cywilny (Dz.U. z 2016 r. poz. 380, z p\u00f3\u017an. zm.).<\/p>\n<p>11.3. W odniesieniu do nabywanych przez Gracza towar\u00f3w wirtualnych, opr\u00f3cz odpowiedzialno\u015bci okre\u015blonej w punkcie 11.2, DSS ponosi r\u00f3wnie\u017c odpowiedzialno\u015b\u0107 za szkody wynikaj\u0105ce z braku gwarantowanej cechy lub ra\u017c\u0105cego zaniedbania ze strony DSS lub przedstawicieli DSS.<\/p>\n<p>11.4. Wszelka dalej id\u0105ca odpowiedzialno\u015b\u0107 ze strony DSS zostaje wy\u0142\u0105czona w najszerszym mo\u017cliwym zakresie dopuszczalnym przez w\u0142a\u015bciwe przepisy obowi\u0105zuj\u0105cego prawa.<\/p>\n<p>&nbsp;<\/p>\n<ol start=\"12\">\n<li><strong> Obowi\u0105zuj\u0105ce prawo i w\u0142a\u015bciwo\u015b\u0107 s\u0105d\u00f3w.<\/strong><\/li>\n<\/ol>\n<p>12.1 EULA oraz wszelkie spory, roszczenia lub zobowi\u0105zania (umowne lub pozaumowne) wynikaj\u0105ce z EULA, ich przedmiotu lub tre\u015bci i z nimi zwi\u0105zane podlegaj\u0105 przepisom prawa polskiego.<\/p>\n<p>12.2 Je\u017celi prawo obowi\u0105zuj\u0105ce w kraju zamieszkania Gracza nie stanowi inaczej, wszelkie wspomniane wy\u017cej spory zostaj\u0105 poddane jurysdykcji s\u0105d\u00f3w polskich.<\/p>\n<p>&nbsp;<\/p>\n<ol start=\"13\">\n<li><strong> Postanowienia og\u00f3lne.<\/strong><\/li>\n<\/ol>\n<p>13.1 EULA reguluje relacje DSS z akceptuj\u0105cym j\u0105 Graczem. EULA nie jest podstaw\u0105 jakichkolwiek praw dla jakichkolwiek innych os\u00f3b, ni\u017c akceptuj\u0105cy j\u0105 Gracz, chyba \u017ce co innego wynika wyra\u017anie z tre\u015bci EULA.<\/p>\n<p>13.2 Je\u017celi jakakolwiek cz\u0119\u015b\u0107 EULA uznana zostanie za niewykonaln\u0105, nie wp\u0142ynie to na wykonalno\u015b\u0107 jakiejkolwiek jej innej cz\u0119\u015bci. Strony zobowi\u0105zuj\u0105 si\u0119 do przyjaznej interpretacji EULA, tak aby w stopniu w mo\u017cliwie najwi\u0119kszym mo\u017cna by\u0142o odzwierciedli\u0107 intencje DSS i Gracza w zwi\u0105zku z EULA.<\/p>\n<p>13.3. Je\u017celi Gracz lub DSS nie skorzysta (lub op\u00f3\u017ani korzystanie) z jakiegokolwiek nale\u017cnego prawa wynikaj\u0105cego z EULA, \u00a0to nie oznacza to utraty tego prawa. Je\u017celi Gracz lub DSS skorzysta z tego prawa tylko cz\u0119\u015bciowo lub jednorazowo, nie uniemo\u017cliwia to ponownego skorzystania z niego w przysz\u0142o\u015bci.<\/p>\n<p>&nbsp;<\/p>\n<ol start=\"14\">\n<li><strong> Brak naruszenia praw konsument\u00f3w.<\/strong><\/li>\n<\/ol>\n<p>Postanowienia niniejszej Umowy EULA nie wy\u0142\u0105czaj\u0105, nie ograniczaj\u0105 oraz w \u017caden inny spos\u00f3b nie naruszaj\u0105 praw przys\u0142uguj\u0105cych konsumentom zgodnie z przepisami obowi\u0105zuj\u0105cego prawa jak r\u00f3wnie\u017c nie mog\u0105 by\u0107 przez kogokolwiek w ten spos\u00f3b interpretowane.<\/p>\n<p>&nbsp;<\/p>\n<ol start=\"15\">\n<li><strong> Kontakt.<\/strong><\/li>\n<\/ol>\n<p>W razie jakichkolwiek pyta\u0144, skarg lub uwag dotycz\u0105cych EULA Gracz mo\u017ce skontaktowa\u0107 si\u0119 z DSS za po\u015brednictwem adresu e-mail: <span style=\"color: #e09900;\"><a style=\"color: #e09900;\" href=\"mailto:support@worldofheroes.pl\">support@worldofheroes.pl<\/a><\/span>.<\/p>\n<p>&nbsp;<\/p>\n<p>&nbsp;<\/p>\n<p>[\/et_pb_text][\/et_pb_column][\/et_pb_row][\/et_pb_section]<\/p>\n","protected":false},"excerpt":{"rendered":"<p>[et_pb_section transparent_background=&#8221;on&#8221; allow_player_pause=&#8221;off&#8221; inner_shadow=&#8221;off&#8221; parallax=&#8221;off&#8221; parallax_method=&#8221;on&#8221; custom_padding=&#8221;50px|0px|0px|0px&#8221; padding_mobile=&#8221;off&#8221; make_fullwidth=&#8221;off&#8221; use_custom_width=&#8221;off&#8221; width_unit=&#8221;off&#8221; custom_width_px=&#8221;1080px&#8221; custom_width_percent=&#8221;80%&#8221; make_equal=&#8221;off&#8221; use_custom_gutter=&#8221;off&#8221; fullwidth=&#8221;off&#8221; specialty=&#8221;off&#8221; admin_label=&#8221;section&#8221; disabled=&#8221;off&#8221;][et_pb_row make_fullwidth=&#8221;on&#8221; use_custom_width=&#8221;off&#8221; width_unit=&#8221;off&#8221; custom_width_px=&#8221;1080px&#8221; custom_width_percent=&#8221;80%&#8221; use_custom_gutter=&#8221;on&#8221; gutter_width=&#8221;2&#8243; custom_padding=&#8221;0px|0px|0px|0px&#8221; padding_mobile=&#8221;off&#8221; allow_player_pause=&#8221;off&#8221; parallax=&#8221;off&#8221; parallax_method=&#8221;on&#8221; make_equal=&#8221;off&#8221; column_padding_mobile=&#8221;on&#8221; parallax_1=&#8221;off&#8221; parallax_method_1=&#8221;on&#8221; parallax_2=&#8221;off&#8221; parallax_method_2=&#8221;on&#8221; parallax_3=&#8221;off&#8221; parallax_method_3=&#8221;on&#8221; parallax_4=&#8221;off&#8221; parallax_method_4=&#8221;on&#8221; admin_label=&#8221;row&#8221; disabled=&#8221;off&#8221;][et_pb_column type=&#8221;4_4&#8243; disabled=&#8221;off&#8221; parallax=&#8221;off&#8221; parallax_method=&#8221;on&#8221; column_padding_mobile=&#8221;on&#8221;][et_pb_text background_layout=&#8221;dark&#8221; text_orientation=&#8221;left&#8221; admin_label=&#8221;Tekst&#8221; use_border_color=&#8221;off&#8221; border_style=&#8221;solid&#8221; disabled=&#8221;off&#8221;] [\/et_pb_text][\/et_pb_column][\/et_pb_row][\/et_pb_section][et_pb_section [&hellip;]<\/p>\n","protected":false},"author":1,"featured_media":0,"parent":0,"menu_order":0,"comment_status":"closed","ping_status":"closed","template":"","meta":{"_et_pb_use_builder":"","_et_pb_old_content":"","_et_gb_content_width":""},"_links":{"self":[{"href":"https:\/\/www.worldofheroes.pl\/en\/index.php?rest_route=\/wp\/v2\/pages\/2654"}],"collection":[{"href":"https:\/\/www.worldofheroes.pl\/en\/index.php?rest_route=\/wp\/v2\/pages"}],"about":[{"href":"https:\/\/www.worldofheroes.pl\/en\/index.php?rest_route=\/wp\/v2\/types\/page"}],"author":[{"embeddable":true,"href":"https:\/\/www.worldofheroes.pl\/en\/index.php?rest_route=\/wp\/v2\/users\/1"}],"replies":[{"embeddable":true,"href":"https:\/\/www.worldofheroes.pl\/en\/index.php?rest_route=%2Fwp%2Fv2%2Fcomments&post=2654"}],"version-history":[{"count":1,"href":"https:\/\/www.worldofheroes.pl\/en\/index.php?rest_route=\/wp\/v2\/pages\/2654\/revisions"}],"predecessor-version":[{"id":2663,"href":"https:\/\/www.worldofheroes.pl\/en\/index.php?rest_route=\/wp\/v2\/pages\/2654\/revisions\/2663"}],"wp:attachment":[{"href":"https:\/\/www.worldofheroes.pl\/en\/index.php?rest_route=%2Fwp%2Fv2%2Fmedia&parent=2654"}],"curies":[{"name":"wp","href":"https:\/\/api.w.org\/{rel}","templated":true}]}}