{"id":2653,"date":"2016-12-21T01:49:47","date_gmt":"2017-02-11T16:27:09","guid":{"rendered":"https:\/\/www.worldofheroes.pl?page_id=2653"},"modified":"2017-06-09T12:10:50","modified_gmt":"2017-06-09T10:10:50","slug":"faq","status":"publish","type":"page","link":"https:\/\/www.worldofheroes.pl\/en?page_id=2653","title":{"rendered":"FAQ"},"content":{"rendered":"<p>[et_pb_section admin_label=&#8221;section&#8221; transparent_background=&#8221;on&#8221; allow_player_pause=&#8221;off&#8221; inner_shadow=&#8221;off&#8221; parallax=&#8221;off&#8221; parallax_method=&#8221;on&#8221; custom_padding=&#8221;50px|0px|0px|0px&#8221; padding_mobile=&#8221;off&#8221; make_fullwidth=&#8221;off&#8221; use_custom_width=&#8221;off&#8221; width_unit=&#8221;off&#8221; custom_width_px=&#8221;1080px&#8221; custom_width_percent=&#8221;80%&#8221; make_equal=&#8221;off&#8221; use_custom_gutter=&#8221;off&#8221; fullwidth=&#8221;off&#8221; specialty=&#8221;off&#8221; disabled=&#8221;off&#8221;][et_pb_row admin_label=&#8221;row&#8221; make_fullwidth=&#8221;on&#8221; use_custom_width=&#8221;off&#8221; width_unit=&#8221;off&#8221; custom_width_px=&#8221;1080px&#8221; custom_width_percent=&#8221;80%&#8221; use_custom_gutter=&#8221;on&#8221; gutter_width=&#8221;2&#8243; custom_padding=&#8221;0px|0px|0px|0px&#8221; padding_mobile=&#8221;off&#8221; allow_player_pause=&#8221;off&#8221; parallax=&#8221;off&#8221; parallax_method=&#8221;on&#8221; make_equal=&#8221;off&#8221; column_padding_mobile=&#8221;on&#8221; parallax_1=&#8221;off&#8221; parallax_method_1=&#8221;on&#8221; parallax_2=&#8221;off&#8221; parallax_method_2=&#8221;on&#8221; parallax_3=&#8221;off&#8221; parallax_method_3=&#8221;on&#8221; parallax_4=&#8221;off&#8221; parallax_method_4=&#8221;on&#8221; disabled=&#8221;off&#8221;][et_pb_column type=&#8221;4_4&#8243;][et_pb_text admin_label=&#8221;Tekst&#8221; background_layout=&#8221;dark&#8221; text_orientation=&#8221;left&#8221; use_border_color=&#8221;off&#8221; border_style=&#8221;solid&#8221; disabled=&#8221;off&#8221;] [\/et_pb_text][\/et_pb_column][\/et_pb_row][\/et_pb_section][et_pb_section admin_label=&#8221;Sekcja&#8221; transparent_background=&#8221;on&#8221; allow_player_pause=&#8221;off&#8221; inner_shadow=&#8221;off&#8221; parallax=&#8221;off&#8221; parallax_method=&#8221;off&#8221; custom_padding=&#8221;0px|0px|0px|0px&#8221; padding_mobile=&#8221;off&#8221; make_fullwidth=&#8221;off&#8221; use_custom_width=&#8221;off&#8221; width_unit=&#8221;on&#8221; custom_width_px=&#8221;1080px&#8221; custom_width_percent=&#8221;80%&#8221; make_equal=&#8221;off&#8221; use_custom_gutter=&#8221;off&#8221; fullwidth=&#8221;off&#8221; specialty=&#8221;off&#8221; custom_css_main_element=&#8221;padding-right: 50px;||padding-left: 50px;||min-height: 1326px;||max-height: 1326px;||min-width: 1236px;||max-width: 1236px;||margin-bottom: 100px;||margin-left: auto;||margin-right: auto;&#8221; disabled=&#8221;off&#8221;][et_pb_row admin_label=&#8221;row&#8221; make_fullwidth=&#8221;on&#8221; use_custom_width=&#8221;off&#8221; width_unit=&#8221;off&#8221; custom_width_px=&#8221;1080px&#8221; custom_width_percent=&#8221;80%&#8221; use_custom_gutter=&#8221;on&#8221; gutter_width=&#8221;2&#8243; custom_padding=&#8221;0px|45px||45px&#8221; padding_mobile=&#8221;off&#8221; custom_margin=&#8221;||150px|&#8221; background_image=&#8221;https:\/\/www.worldofheroes.pl\/wp-content\/uploads\/2016\/12\/03-WoH_article_BG.png&#8221; allow_player_pause=&#8221;off&#8221; parallax=&#8221;off&#8221; parallax_method=&#8221;on&#8221; make_equal=&#8221;off&#8221; column_padding_mobile=&#8221;on&#8221; parallax_1=&#8221;off&#8221; parallax_method_1=&#8221;on&#8221; parallax_2=&#8221;off&#8221; parallax_method_2=&#8221;on&#8221; parallax_3=&#8221;off&#8221; parallax_method_3=&#8221;on&#8221; parallax_4=&#8221;off&#8221; parallax_method_4=&#8221;on&#8221; custom_css_main_element=&#8221;min-width: 1236px;||max-width: 1236px;||margin-left: auto;||margin-right: auto;&#8221; disabled=&#8221;off&#8221;][et_pb_column type=&#8221;4_4&#8243;][et_pb_image admin_label=&#8221;Obraz&#8221; src=&#8221;https:\/\/www.worldofheroes.pl\/wp-content\/uploads\/2017\/01\/05-WoH_support_FAQ.png&#8221; show_in_lightbox=&#8221;off&#8221; url_new_window=&#8221;off&#8221; use_overlay=&#8221;off&#8221; animation=&#8221;off&#8221; sticky=&#8221;off&#8221; align=&#8221;left&#8221; force_fullwidth=&#8221;on&#8221; always_center_on_mobile=&#8221;off&#8221; use_border_color=&#8221;off&#8221; border_color=&#8221;#ffffff&#8221; border_width=&#8221;1px&#8221; border_style=&#8221;solid&#8221; custom_margin=&#8221;45px||35px|&#8221; disabled=&#8221;off&#8221;] [\/et_pb_image][et_pb_accordion admin_label=&#8221;Harmonijka &#8211; FAQ &#8211; EN&#8221; open_toggle_background_color=&#8221;rgba(0,0,0,0)&#8221; open_toggle_text_color=&#8221;#ffffff&#8221; closed_toggle_background_color=&#8221;rgba(255,255,255,0)&#8221; closed_toggle_text_color=&#8221;#ffffff&#8221; icon_color=&#8221;#ffffff&#8221; toggle_font=&#8221;Lato|on||on|&#8221; toggle_font_size=&#8221;18px&#8221; toggle_line_height=&#8221;1.2em&#8221; body_font=&#8221;Lato||||&#8221; body_text_color=&#8221;#ffffff&#8221; body_line_height=&#8221;1em&#8221; use_border_color=&#8221;on&#8221; border_color=&#8221;#ffffff&#8221; border_style=&#8221;solid&#8221; disabled=&#8221;off&#8221;] [et_pb_accordion_item title=&#8221;FAQ&#8221; open=&#8221;off&#8221; use_border_color=&#8221;off&#8221; border_color=&#8221;#ffffff&#8221; border_width=&#8221;1px&#8221; border_style=&#8221;solid&#8221; disabled=&#8221;off&#8221;]<\/p>\n<p>&nbsp;<\/p>\n<p>&nbsp;<\/p>\n<p>&nbsp;<\/p>\n<p>&nbsp;<\/p>\n<p>&nbsp;<\/p>\n<p>&nbsp;<\/p>\n<p><img loading=\"lazy\" class=\"alignnone wp-image-403 size-medium\" style=\"display: block; margin-left: auto; margin-right: auto;\" src=\"https:\/\/www.worldofheroes.pl\/wp-content\/uploads\/2016\/03\/logo-191x227.png\" width=\"191\" height=\"227\" srcset=\"https:\/\/www.worldofheroes.pl\/wp-content\/uploads\/2016\/03\/logo-191x227.png 191w, https:\/\/www.worldofheroes.pl\/wp-content\/uploads\/2016\/03\/logo.png 241w\" sizes=\"(max-width: 191px) 100vw, 191px\" \/><\/p>\n<p>[\/et_pb_accordion_item][et_pb_accordion_item title=&#8221;Installation and system requirements&#8221; open=&#8221;off&#8221; use_border_color=&#8221;off&#8221; border_color=&#8221;#ffffff&#8221; border_width=&#8221;1px&#8221; border_style=&#8221;solid&#8221; disabled=&#8221;off&#8221;]<\/p>\n<p>&nbsp;<\/p>\n<p>&nbsp;<\/p>\n<p><span style=\"font-family: Lato,sans-serif;\"><strong><span style=\"font-size: 14pt;\">Question<\/span>: <\/strong> What are the system requirements for World of Heroes?<\/span><\/p>\n<p><span style=\"font-family: Lato,sans-serif;\"><strong><span style=\"font-size: 14pt;\">Answer<\/span>:<\/strong><\/span><\/p>\n<p><span style=\"font-family: Lato,sans-serif;\"><u>Minimum requirements:<\/u><\/span><\/p>\n<p><span style=\"font-family: Lato,sans-serif;\">Processor: Intel Core i3 2.5 GHz<\/span><br \/>\n<span style=\"font-family: Lato,sans-serif;\"> Memory: 6 GB RAM<\/span><br \/>\n<span style=\"font-family: Lato,sans-serif;\"> Hard disk space: 20 GB HDD<\/span><br \/>\n<span style=\"font-family: Lato,sans-serif;\"> Graphics card: DirectX 11 Support, 2 GB<\/span><br \/>\n<span style=\"font-family: Lato,sans-serif;\"> System: 64 bit Windows 7, Windows 8.1 or Windows 10<\/span><br \/>\n<span style=\"font-family: Lato,sans-serif;\"> Internet connection: Broadband at least 512 Kbps<\/span><\/p>\n<p>&nbsp;<\/p>\n<p><span style=\"font-family: Lato,sans-serif;\"><u>Recommended requirements:<\/u><\/span><\/p>\n<pre><span style=\"font-family: Lato,sans-serif;\">Processor: 3.0 GHz Quad-Core Intel Core i5\r\nMemory: 8 GB RAM\r\nHard disk space: 20 GB SSD\r\nGraphics card: DirectX 11 Support, 3 GB, Nvidia GeForce 970 or equivalent\r\nSystem: 64 bit Windows 7, Windows 8.1 or Windows 10\r\nInternet connection: Broadband at least 512 Kbps<\/span><\/pre>\n<p>&nbsp;<\/p>\n<p><span style=\"font-family: Lato,sans-serif;\"><strong><span style=\"font-size: 14pt;\"> Question<\/span>: <\/strong> Can I install the game within 32 bit operating system?<\/span><\/p>\n<p><span style=\"font-family: Lato,sans-serif;\"><strong><span style=\"font-size: 14pt;\">Answer<\/span>:<\/strong> At the moment, the World of Heroes works only in Windows 64 bit. We plan to enable it on other platforms, but the time is unknown.<\/span><\/p>\n<p>&nbsp;<\/p>\n<p><span style=\"font-family: Lato,sans-serif;\"><strong><span style=\"font-size: 14pt;\"> Question<\/span>: <\/strong> Antivirus has blocked download installation file, what do I do?<\/span><\/p>\n<p><span style=\"font-family: Lato,sans-serif;\"><strong><span style=\"font-size: 14pt;\"> Answer<\/span>: <\/strong> Until open beta Setup will not be signed and certified and because of that You can receive warning from the antivirus program. The game is checked using currently available antivirus engines and it&#8217;s free from viruses, Trojan horses or other malicious software. We recommend adding the installation file to the trusted, in Your antivirus configuration in order to enable download and install the game.<\/span><\/p>\n<p><span style=\"font-family: Lato,sans-serif;\">\u00a0<\/span><\/p>\n<p>&nbsp;<\/p>\n<p>&nbsp;<\/p>\n<p>[\/et_pb_accordion_item][et_pb_accordion_item title=&#8221;Game account&#8221; open=&#8221;off&#8221; use_border_color=&#8221;off&#8221; border_color=&#8221;#ffffff&#8221; border_width=&#8221;1px&#8221; border_style=&#8221;solid&#8221; disabled=&#8221;off&#8221;]<\/p>\n<p>&nbsp;<\/p>\n<p><span style=\"font-family: Lato, sans-serif;\"><span style=\"font-size: 14pt;\"><strong>Question:<\/strong><\/span>\u00a0Can I\u00a0have multiple accounts?<\/span><\/p>\n<p><span style=\"font-family: Lato, sans-serif;\"><span style=\"font-size: 14pt;\"><strong>Answer:<\/strong><\/span>\u00a0Yes &#8211; EULA don&#8217;t have restricting\u00a0one\u00a0account\/user.<\/span><\/p>\n<p>&nbsp;<\/p>\n<p><span style=\"font-family: Lato, sans-serif;\"><span style=\"font-size: 14pt;\"><strong>Question:<\/strong><\/span>\u00a0How many characters \u00a0can I\u00a0create on one account?<\/span><\/p>\n<p><span style=\"font-family: Lato, sans-serif;\"><span style=\"font-size: 14pt;\"><strong>Answer: <\/strong><\/span>Each player in a single account can have up to 5 characters.<\/span><\/p>\n<p>&nbsp;<\/p>\n<p><span style=\"font-family: Lato, sans-serif;\"><span style=\"font-size: 14pt;\"><strong>Question: <\/strong><\/span>Can I transfer my account\u00a0<span id=\"result_box\" class=\"short_text\" lang=\"en\" tabindex=\"-1\"><span tabindex=\"-1\" contenteditable=\"false\">between servers<\/span><\/span>?<\/span><\/p>\n<p><span style=\"font-family: Lato, sans-serif;\"><span style=\"font-size: 14pt;\"><strong>Answer: <\/strong><\/span><span id=\"result_box\" lang=\"en\" tabindex=\"-1\">At this moment it is not possible to transfer accounts between servers<\/span>.<\/span><\/p>\n<p>&nbsp;<\/p>\n<p>&nbsp;<\/p>\n<p>&nbsp;<\/p>\n<p>[\/et_pb_accordion_item][et_pb_accordion_item title=&#8221;Payments&#8221; open=&#8221;on&#8221; use_border_color=&#8221;off&#8221; border_color=&#8221;#ffffff&#8221; border_width=&#8221;1px&#8221; border_style=&#8221;solid&#8221; disabled=&#8221;off&#8221;]<\/p>\n<p><span style=\"font-size: 14pt;\"><strong>Question:<\/strong><\/span> <span id=\"result_box\" class=\"short_text\" lang=\"en\"><span class=\"\">Is it possible to<\/span> <span class=\"\">refund<\/span> <span class=\"\">purchase<\/span> <span class=\"\">by mistake items<\/span><\/span>?<\/p>\n<p><span style=\"font-size: 14pt;\"><strong>Answer:<\/strong><\/span> <span id=\"result_box\" class=\"\" lang=\"en\">No purchase is final and it is not possible to return the purchased goods or <span class=\"\">receipt<\/span>\u00a0<span class=\"\">refund<\/span><\/span>.<\/p>\n<p>&nbsp;<\/p>\n<p><span style=\"font-size: 14pt;\"><strong>Question: <\/strong><\/span><span id=\"result_box\" class=\"\" lang=\"en\">Is it possible to make purchases using <span class=\"\">prepaid cards<\/span><\/span>?<\/p>\n<p><span style=\"font-size: 14pt;\"><strong>Answer:<\/strong><\/span> <span id=\"result_box\" class=\"\" lang=\"en\">At the moment there is no possibility <span class=\"\">of shopping<\/span> <span class=\"\">in our store<\/span> using such <span class=\"\">cards, but we planning to implement this in future<\/span><\/span>.<\/p>\n<p>&nbsp;<\/p>\n<p><span style=\"font-family: Lato,sans-serif;\"><span style=\"font-size: 14pt;\"><strong> Question<\/strong><strong>: <\/strong><\/span> What is needed to start the game?<\/span><\/p>\n<p><span style=\"font-family: Lato,sans-serif;\"><span style=\"font-size: 14pt;\"><strong> Answer<\/strong><strong>: <\/strong><\/span> The game is available in the B2P (Buy to Play) model, so one-time purchase is necessary. You can choose one of several available versions of packages in which you will receive a perpetual license of the World of Heroes and, depending on the selected package additional items such as Rubies (premium currency in the game) and unique items.<\/span><\/p>\n<p>[\/et_pb_accordion_item] [\/et_pb_accordion][\/et_pb_column][\/et_pb_row][\/et_pb_section]<\/p>\n","protected":false},"excerpt":{"rendered":"<p>[et_pb_section admin_label=&#8221;section&#8221; transparent_background=&#8221;on&#8221; allow_player_pause=&#8221;off&#8221; inner_shadow=&#8221;off&#8221; parallax=&#8221;off&#8221; parallax_method=&#8221;on&#8221; custom_padding=&#8221;50px|0px|0px|0px&#8221; padding_mobile=&#8221;off&#8221; make_fullwidth=&#8221;off&#8221; use_custom_width=&#8221;off&#8221; width_unit=&#8221;off&#8221; custom_width_px=&#8221;1080px&#8221; custom_width_percent=&#8221;80%&#8221; make_equal=&#8221;off&#8221; use_custom_gutter=&#8221;off&#8221; fullwidth=&#8221;off&#8221; specialty=&#8221;off&#8221; disabled=&#8221;off&#8221;][et_pb_row admin_label=&#8221;row&#8221; make_fullwidth=&#8221;on&#8221; use_custom_width=&#8221;off&#8221; width_unit=&#8221;off&#8221; custom_width_px=&#8221;1080px&#8221; custom_width_percent=&#8221;80%&#8221; use_custom_gutter=&#8221;on&#8221; gutter_width=&#8221;2&#8243; custom_padding=&#8221;0px|0px|0px|0px&#8221; padding_mobile=&#8221;off&#8221; allow_player_pause=&#8221;off&#8221; parallax=&#8221;off&#8221; parallax_method=&#8221;on&#8221; make_equal=&#8221;off&#8221; column_padding_mobile=&#8221;on&#8221; parallax_1=&#8221;off&#8221; parallax_method_1=&#8221;on&#8221; parallax_2=&#8221;off&#8221; parallax_method_2=&#8221;on&#8221; parallax_3=&#8221;off&#8221; parallax_method_3=&#8221;on&#8221; parallax_4=&#8221;off&#8221; parallax_method_4=&#8221;on&#8221; disabled=&#8221;off&#8221;][et_pb_column type=&#8221;4_4&#8243;][et_pb_text admin_label=&#8221;Tekst&#8221; background_layout=&#8221;dark&#8221; text_orientation=&#8221;left&#8221; use_border_color=&#8221;off&#8221; border_style=&#8221;solid&#8221; disabled=&#8221;off&#8221;] [\/et_pb_text][\/et_pb_column][\/et_pb_row][\/et_pb_section][et_pb_section admin_label=&#8221;Sekcja&#8221; transparent_background=&#8221;on&#8221; allow_player_pause=&#8221;off&#8221; inner_shadow=&#8221;off&#8221; [&hellip;]<\/p>\n","protected":false},"author":5,"featured_media":0,"parent":0,"menu_order":0,"comment_status":"closed","ping_status":"closed","template":"","meta":{"_et_pb_use_builder":"on","_et_pb_old_content":"<p>[et_pb_section transparent_background=\"on\" allow_player_pause=\"off\" inner_shadow=\"off\" parallax=\"off\" parallax_method=\"on\" custom_padding=\"50px|0px|0px|0px\" padding_mobile=\"off\" make_fullwidth=\"off\" use_custom_width=\"off\" width_unit=\"off\" custom_width_px=\"1080px\" custom_width_percent=\"80%\" make_equal=\"off\" use_custom_gutter=\"off\" fullwidth=\"off\" specialty=\"off\" admin_label=\"section\" disabled=\"off\"][et_pb_row make_fullwidth=\"on\" use_custom_width=\"off\" width_unit=\"off\" custom_width_px=\"1080px\" custom_width_percent=\"80%\" use_custom_gutter=\"on\" gutter_width=\"2\" custom_padding=\"0px|0px|0px|0px\" padding_mobile=\"off\" allow_player_pause=\"off\" parallax=\"off\" parallax_method=\"on\" make_equal=\"off\" column_padding_mobile=\"on\" parallax_1=\"off\" parallax_method_1=\"on\" parallax_2=\"off\" parallax_method_2=\"on\" parallax_3=\"off\" parallax_method_3=\"on\" parallax_4=\"off\" parallax_method_4=\"on\" admin_label=\"row\" disabled=\"off\"][et_pb_column type=\"4_4\" disabled=\"off\" parallax=\"off\" parallax_method=\"on\" column_padding_mobile=\"on\"][et_pb_text background_layout=\"dark\" text_orientation=\"left\" admin_label=\"Tekst\" use_border_color=\"off\" border_style=\"solid\" disabled=\"off\"] [\/et_pb_text][\/et_pb_column][\/et_pb_row][\/et_pb_section][et_pb_section transparent_background=\"on\" allow_player_pause=\"off\" inner_shadow=\"off\" parallax=\"off\" parallax_method=\"off\" custom_padding=\"0px|0px|0px|0px\" padding_mobile=\"off\" make_fullwidth=\"off\" use_custom_width=\"off\" width_unit=\"on\" custom_width_px=\"1080px\" custom_width_percent=\"80%\" make_equal=\"off\" use_custom_gutter=\"off\" fullwidth=\"off\" specialty=\"off\" admin_label=\"Sekcja\" custom_css_main_element=\"padding-right: 50px;||padding-left: 50px;||min-height: 1326px;||max-height: 1326px;||min-width: 1236px;||max-width: 1236px;||margin-bottom: 100px;||margin-left: auto;||margin-right: auto;\" disabled=\"off\"][et_pb_row make_fullwidth=\"on\" use_custom_width=\"off\" width_unit=\"off\" custom_width_px=\"1080px\" custom_width_percent=\"80%\" use_custom_gutter=\"on\" gutter_width=\"2\" custom_padding=\"0px|45px||45px\" padding_mobile=\"off\" custom_margin=\"||150px|\" background_image=\"https:\/\/www.worldofheroes.pl\/wp-content\/uploads\/2016\/12\/03-WoH_article_BG.png\" allow_player_pause=\"off\" parallax=\"off\" parallax_method=\"on\" make_equal=\"off\" column_padding_mobile=\"on\" parallax_1=\"off\" parallax_method_1=\"on\" parallax_2=\"off\" parallax_method_2=\"on\" parallax_3=\"off\" parallax_method_3=\"on\" parallax_4=\"off\" parallax_method_4=\"on\" admin_label=\"row\" custom_css_main_element=\"min-width: 1236px;||max-width: 1236px;||margin-left: auto;||margin-right: auto;\" disabled=\"off\"][et_pb_column type=\"4_4\" disabled=\"off\" parallax=\"off\" parallax_method=\"on\" column_padding_mobile=\"on\"][et_pb_image src=\"https:\/\/www.worldofheroes.pl\/wp-content\/uploads\/2017\/01\/05-WoH_support_FAQ.png\" show_in_lightbox=\"off\" url_new_window=\"off\" use_overlay=\"off\" animation=\"off\" sticky=\"off\" align=\"left\" force_fullwidth=\"on\" always_center_on_mobile=\"off\" admin_label=\"Obraz\" use_border_color=\"off\" border_color=\"#ffffff\" border_width=\"1px\" border_style=\"solid\" custom_margin=\"45px||35px|\" disabled=\"off\"] [\/et_pb_image][et_pb_accordion open_toggle_background_color=\"rgba(0,0,0,0)\" open_toggle_text_color=\"#ffffff\" closed_toggle_background_color=\"rgba(255,255,255,0)\" closed_toggle_text_color=\"#ffffff\" icon_color=\"#ffffff\" admin_label=\"Harmonijka - Lista zmian\" toggle_font=\"Lato|on||on|\" toggle_font_size=\"18px\" toggle_line_height=\"1.2em\" body_font=\"Lato||||\" body_text_color=\"#ffffff\" body_line_height=\"1em\" use_border_color=\"on\" border_color=\"#ffffff\" border_width=\"1px\" border_style=\"solid\" disabled=\"off\"][et_pb_accordion_item title=\"NAJCZ\u0118\u015aCIEJ ZADAWANE PYTANIA\" open=\"off\" use_border_color=\"off\" border_color=\"#ffffff\" border_width=\"1px\" border_style=\"solid\" disabled=\"off\"] <img class=\"alignnone wp-image-403 size-medium\" style=\"display: block; margin-left: auto; margin-right: auto;\" src=\"https:\/\/www.worldofheroes.pl\/wp-content\/uploads\/2016\/03\/logo-191x227.png\" width=\"191\" height=\"227\" \/> [\/et_pb_accordion_item][et_pb_accordion_item title=\"Intstalacja i parametry techniczne\" open=\"off\" use_border_color=\"off\" border_color=\"#ffffff\" border_width=\"1px\" border_style=\"solid\" disabled=\"off\"]<\/p><p>Pytanie: Jakie s\u0105 wymagania sprz\u0119towe World of Heroes ?<\/p><p>Odpowied\u017a: Minimalne wymagania to (Dwurdzeniowy Intel Core i3 2,5 GHz, 4GB pami\u0119ci ram, 20 GB przestrzeni dyskowej oraz karta graficzna wspieraj\u0105ca DirectX 11). Zalecane wymagania to (Czterordzeniowy Intel Core i5 3,0 GHz, 8GB pami\u0119ci ram, 20 GB przestrzeni dyskowej oraz karta graficzna Nvidia GeForce 970).<\/p><p>[\/et_pb_accordion_item][et_pb_accordion_item title=\"Konta\" open=\"off\" use_border_color=\"off\" border_color=\"#ffffff\" border_width=\"1px\" border_style=\"solid\" disabled=\"off\"]<\/p><p>Pytanie: Czy mog\u0119 posiada\u0107 wiele kont ?<\/p><p>Odpowied\u017a: Tak, regulamin w \u017caden spos\u00f3b nie ogranicza ilo\u015bci posiadanych kont dla pojedynczego gracza.<\/p><p>\u00a0<\/p><p>Pytanie: Ile postaci mog\u0119 stworzy\u0107 w ramach jednego konta ?<\/p><p>Odpowied\u017a: Ka\u017cdy gracz w ramach jednego konta mo\u017ce posiada\u0107 maksymalnie 5 postaci.<\/p><p>\u00a0<\/p><p>Pytanie: Czy mog\u0119 przenie\u015b\u0107 konto pomi\u0119dzy serwerami ?<\/p><p>Odpowied\u017a: W chwili obecnej nie ma mo\u017cliwo\u015bci przeniesienia konta pomi\u0119dzy serwerami.<\/p><p>[\/et_pb_accordion_item][et_pb_accordion_item title=\"Obs\u0142uga p\u0142atno\u015bci\" open=\"on\" use_border_color=\"off\" border_color=\"#ffffff\" border_width=\"1px\" border_style=\"solid\" disabled=\"off\"]<\/p><p>Pytanie: Czy jest mo\u017cliwa refundacja omy\u0142kowo dokonanego zakupu ?<\/p><p>Odpowied\u017a: Nie, zakup ma charakter ostateczny i nie jest mo\u017cliwy zwrot zakupionych d\u00f3br czy ich refundacja.<\/p><p>\u00a0<\/p><p>Pytanie: Czy jest mo\u017cliwe dokonywanie zakup\u00f3w przy u\u017cyciu kart przedp\u0142aconych (prepaid) ?<\/p><p>Odpowied\u017a: W chwili obecnej nie ma mo\u017cliwo\u015bci dokonywania zakup\u00f3w w naszym sklepie przy u\u017cyciu takich kart, natomiast planowane jest uruchomienie takiej us\u0142ugi.<\/p><p>[\/et_pb_accordion_item][\/et_pb_accordion][\/et_pb_column][\/et_pb_row][\/et_pb_section]<\/p>","_et_gb_content_width":""},"_links":{"self":[{"href":"https:\/\/www.worldofheroes.pl\/en\/index.php?rest_route=\/wp\/v2\/pages\/2653"}],"collection":[{"href":"https:\/\/www.worldofheroes.pl\/en\/index.php?rest_route=\/wp\/v2\/pages"}],"about":[{"href":"https:\/\/www.worldofheroes.pl\/en\/index.php?rest_route=\/wp\/v2\/types\/page"}],"author":[{"embeddable":true,"href":"https:\/\/www.worldofheroes.pl\/en\/index.php?rest_route=\/wp\/v2\/users\/5"}],"replies":[{"embeddable":true,"href":"https:\/\/www.worldofheroes.pl\/en\/index.php?rest_route=%2Fwp%2Fv2%2Fcomments&post=2653"}],"version-history":[{"count":11,"href":"https:\/\/www.worldofheroes.pl\/en\/index.php?rest_route=\/wp\/v2\/pages\/2653\/revisions"}],"predecessor-version":[{"id":3036,"href":"https:\/\/www.worldofheroes.pl\/en\/index.php?rest_route=\/wp\/v2\/pages\/2653\/revisions\/3036"}],"wp:attachment":[{"href":"https:\/\/www.worldofheroes.pl\/en\/index.php?rest_route=%2Fwp%2Fv2%2Fmedia&parent=2653"}],"curies":[{"name":"wp","href":"https:\/\/api.w.org\/{rel}","templated":true}]}}